{"id":3157,"date":"2016-06-12T15:17:13","date_gmt":"2016-06-12T15:17:13","guid":{"rendered":"http:\/\/www.palmapalace.com\/pt-pt\/?page_id=3157"},"modified":"2017-01-13T12:50:39","modified_gmt":"2017-01-13T12:50:39","slug":"residencias","status":"publish","type":"page","link":"http:\/\/www.palmapalace.com\/pt-pt\/quartos\/residencias\/","title":{"rendered":"Casas da Herdade"},"content":{"rendered":"<div class=\"fusion-fullwidth fullwidth-box fusion-fullwidth-1  fusion-parallax-none nonhundred-percent-fullwidth\" style=\"border-color:#eae9e9;border-bottom-width: 0px;border-top-width: 0px;border-bottom-style: solid;border-top-style: solid;padding-bottom:60px;padding-top:0px;padding-left:0px;padding-right:0px;background-color:rgba(255,255,255,0);\"><style type=\"text\/css\" scoped=\"scoped\">.fusion-fullwidth-1 {\n                            padding-left: 0px !important;\n                            padding-right: 0px !important;\n                        }<\/style><div class=\"fusion-row\"><p style=\"text-align: center;\">Duas casas de campo no cora\u00e7\u00e3o da nossa herdade, uma situada a 8 kms e a outra a 11 kms do Pal\u00e1cio Velho de Palma.<\/p>\n<div class=\"fusion-one-half fusion-layout-column fusion-spacing-yes\" style=\"margin-top:3%;margin-bottom:20px;\"><div class=\"fusion-column-wrapper\"><h1 style=\"text-align: center;\">Casa da Pesca<\/h1>\n<div class=\"fusion-sep-clear\"><\/div><div class=\"fusion-separator sep-single\" style=\"border-color:#cbaa5c;border-top-width:1px;margin-left: auto;margin-right: auto;margin-top:0px;margin-bottom:20px;width:100%;max-width:50px;\"><\/div><p style=\"padding: 0px 50px; text-align: center;\">Esta casa tem uma cama para duas pessoas com 1m de largura e bancos longos mas estreitos, que podem ser usados como sof\u00e1s-cama, uma cozinha com uma \u00e1rea de churrasco, uma casa de banho com um chuveiro, uma retrete e um lavat\u00f3rio.<\/p>\n<div class=\"fusion-button-wrapper fusion-aligncenter\"><style type=\"text\/css\" scoped=\"scoped\">.fusion-button.button-1 .fusion-button-text, .fusion-button.button-1 i {color:#ffffff;}.fusion-button.button-1 {border-width:0px;border-color:#ffffff;}.fusion-button.button-1 .fusion-button-icon-divider{border-color:#ffffff;}.fusion-button.button-1:hover .fusion-button-text, .fusion-button.button-1:hover i,.fusion-button.button-1:focus .fusion-button-text, .fusion-button.button-1:focus i,.fusion-button.button-1:active .fusion-button-text, .fusion-button.button-1:active{color:#ffffff;}.fusion-button.button-1:hover, .fusion-button.button-1:focus, .fusion-button.button-1:active{border-width:0px;border-color:#ffffff;}.fusion-button.button-1:hover .fusion-button-icon-divider, .fusion-button.button-1:hover .fusion-button-icon-divider, .fusion-button.button-1:active .fusion-button-icon-divider{border-color:#ffffff;}.fusion-button.button-1{background: #cbaa5c;}.fusion-button.button-1:hover,.button-1:focus,.fusion-button.button-1:active{background: #bc9c50;}.fusion-button.button-1{width:auto;}<\/style><a class=\"fusion-button button-flat button-square button-large button-custom button-1\" target=\"_self\" href=\"http:\/\/www.palmapalace.com\/pt-pt\/Rooms\/casa-1\/\"><span class=\"fusion-button-text\">Ver Detalhes<\/span><\/a><\/div><div class=\"fusion-sep-clear\"><\/div><div class=\"fusion-separator sep-single\" style=\"border-color:#cbaa5c;border-top-width:1px;margin-left: auto;margin-right: auto;margin-top:20px;margin-bottom:0px;width:100%;max-width:50px;\"><\/div><div class=\"fusion-clearfix\"><\/div><\/div><\/div><div class=\"fusion-one-half fusion-layout-column fusion-column-last fusion-spacing-yes\" style=\"margin-top:0px;margin-bottom:20px;\"><div class=\"fusion-column-wrapper\" style=\"background-color:#ffffff;border:1px solid #ebeef1;padding:40px;\"><div class=\"fusion-image-carousel fusion-image-carousel-auto lightbox-enabled fusion-carousel-border\"><div class=\"fusion-carousel\" data-autoplay=\"yes\" data-columns=\"1\" data-itemmargin=\"13\" data-itemwidth=\"180\" data-touchscroll=\"no\" data-imagesize=\"auto\"><div class=\"fusion-carousel-positioner\"><ul class=\"fusion-carousel-holder\"><li class=\"fusion-carousel-item\"><div class=\"fusion-carousel-item-wrapper\"><div class=\"fusion-image-wrapper hover-type-liftup\"><a data-rel=\"iLightbox[gallery_image_1]\" data-title=\"kitchen\" href=\"http:\/\/www.palmapalace.com\/wp-content\/uploads\/2016\/05\/img_2087.jpg\" target=\"_self\"><img loading=\"lazy\" decoding=\"async\" src=\"http:\/\/www.palmapalace.com\/wp-content\/uploads\/2016\/05\/img_2087.jpg\" width=\"700\" height=\"525\" alt=\"kitchen\" \/><\/a><\/div><\/div><\/li><li class=\"fusion-carousel-item\"><div class=\"fusion-carousel-item-wrapper\"><div class=\"fusion-image-wrapper hover-type-liftup\"><a data-rel=\"iLightbox[gallery_image_1]\" data-title=\"kitchen\" href=\"http:\/\/www.palmapalace.com\/wp-content\/uploads\/2016\/05\/IMG_2086.jpg\" target=\"_self\"><img loading=\"lazy\" decoding=\"async\" src=\"http:\/\/www.palmapalace.com\/wp-content\/uploads\/2016\/05\/IMG_2086.jpg\" width=\"700\" height=\"525\" alt=\"kitchen\" \/><\/a><\/div><\/div><\/li><li class=\"fusion-carousel-item\"><div class=\"fusion-carousel-item-wrapper\"><div class=\"fusion-image-wrapper hover-type-liftup\"><a data-rel=\"iLightbox[gallery_image_1]\" data-title=\"bed\" href=\"http:\/\/www.palmapalace.com\/wp-content\/uploads\/2016\/05\/IMG_2084.jpg\" target=\"_self\"><img loading=\"lazy\" decoding=\"async\" src=\"http:\/\/www.palmapalace.com\/wp-content\/uploads\/2016\/05\/IMG_2084.jpg\" width=\"700\" height=\"525\" alt=\"bed\" \/><\/a><\/div><\/div><\/li><li class=\"fusion-carousel-item\"><div class=\"fusion-carousel-item-wrapper\"><div class=\"fusion-image-wrapper hover-type-liftup\"><a data-rel=\"iLightbox[gallery_image_1]\" data-title=\"bathroom\" href=\"http:\/\/www.palmapalace.com\/wp-content\/uploads\/2016\/05\/IMG_2083.jpg\" target=\"_self\"><img loading=\"lazy\" decoding=\"async\" src=\"http:\/\/www.palmapalace.com\/wp-content\/uploads\/2016\/05\/IMG_2083.jpg\" width=\"700\" height=\"525\" alt=\"bathroom\" \/><\/a><\/div><\/div><\/li><li class=\"fusion-carousel-item\"><div class=\"fusion-carousel-item-wrapper\"><div class=\"fusion-image-wrapper hover-type-liftup\"><a data-rel=\"iLightbox[gallery_image_1]\" data-title=\"balcony\" href=\"http:\/\/www.palmapalace.com\/wp-content\/uploads\/2016\/05\/IMG_2079.jpg\" target=\"_self\"><img loading=\"lazy\" decoding=\"async\" src=\"http:\/\/www.palmapalace.com\/wp-content\/uploads\/2016\/05\/IMG_2079.jpg\" width=\"700\" height=\"525\" alt=\"balcony\" \/><\/a><\/div><\/div><\/li><li class=\"fusion-carousel-item\"><div class=\"fusion-carousel-item-wrapper\"><div class=\"fusion-image-wrapper hover-type-liftup\"><a data-rel=\"iLightbox[gallery_image_1]\" data-title=\"view\" href=\"http:\/\/www.palmapalace.com\/wp-content\/uploads\/2016\/05\/img_2078.jpg\" target=\"_self\"><img loading=\"lazy\" decoding=\"async\" src=\"http:\/\/www.palmapalace.com\/wp-content\/uploads\/2016\/05\/img_2078.jpg\" width=\"700\" height=\"525\" alt=\"view\" \/><\/a><\/div><\/div><\/li><\/ul><div class=\"fusion-carousel-nav\"><span class=\"fusion-nav-prev\"><\/span><span class=\"fusion-nav-next\"><\/span><\/div><\/div><\/div><\/div><div class=\"fusion-clearfix\"><\/div><\/div><\/div><div class=\"fusion-clearfix\"><\/div><\/div><\/div><div class=\"fusion-sep-clear\"><\/div><div class=\"fusion-separator sep-single\" style=\"border-color:#cbaa5c;border-top-width:1px;margin-left: auto;margin-right: auto;margin-top:0px;margin-bottom:70px;width:100%;max-width:80%;\"><\/div><div class=\"fusion-fullwidth fullwidth-box fusion-fullwidth-2  fusion-parallax-none nonhundred-percent-fullwidth\" style=\"border-color:#eae9e9;border-bottom-width: 0px;border-top-width: 0px;border-bottom-style: solid;border-top-style: solid;padding-bottom:60px;padding-top:0px;padding-left:0px;padding-right:0px;background-color:rgba(255,255,255,0);\"><style type=\"text\/css\" scoped=\"scoped\">.fusion-fullwidth-2 {\n                            padding-left: 0px !important;\n                            padding-right: 0px !important;\n                        }<\/style><div class=\"fusion-row\"><div class=\"fusion-one-half fusion-layout-column fusion-spacing-yes\" style=\"margin-top:0px;margin-bottom:20px;\"><div class=\"fusion-column-wrapper\" style=\"background-color:#ffffff;border:1px solid #ebeef1;padding:40px;\"><div class=\"fusion-image-carousel fusion-image-carousel-auto lightbox-enabled fusion-carousel-border\"><div class=\"fusion-carousel\" data-autoplay=\"yes\" data-columns=\"1\" data-itemmargin=\"13\" data-itemwidth=\"180\" data-touchscroll=\"no\" data-imagesize=\"auto\"><div class=\"fusion-carousel-positioner\"><ul class=\"fusion-carousel-holder\"><li class=\"fusion-carousel-item\"><div class=\"fusion-carousel-item-wrapper\"><div class=\"fusion-image-wrapper hover-type-liftup\"><a data-rel=\"iLightbox[gallery_image_2]\" data-title=\"casa2\" href=\"http:\/\/www.palmapalace.com\/wp-content\/uploads\/2016\/05\/IMG_2250-min.jpg\" target=\"_self\"><img loading=\"lazy\" decoding=\"async\" src=\"http:\/\/www.palmapalace.com\/wp-content\/uploads\/2016\/05\/IMG_2250-min.jpg\" width=\"2000\" height=\"1500\" alt=\"casa2\" \/><\/a><\/div><\/div><\/li><li class=\"fusion-carousel-item\"><div class=\"fusion-carousel-item-wrapper\"><div class=\"fusion-image-wrapper hover-type-liftup\"><a data-rel=\"iLightbox[gallery_image_2]\" data-title=\"casa2\" href=\"http:\/\/www.palmapalace.com\/wp-content\/uploads\/2016\/05\/IMG_2261-min.jpg\" target=\"_self\"><img loading=\"lazy\" decoding=\"async\" src=\"http:\/\/www.palmapalace.com\/wp-content\/uploads\/2016\/05\/IMG_2261-min.jpg\" width=\"2000\" height=\"1500\" alt=\"casa2\" \/><\/a><\/div><\/div><\/li><li class=\"fusion-carousel-item\"><div class=\"fusion-carousel-item-wrapper\"><div class=\"fusion-image-wrapper hover-type-liftup\"><a data-rel=\"iLightbox[gallery_image_2]\" data-title=\"casa2\" href=\"http:\/\/www.palmapalace.com\/wp-content\/uploads\/2016\/05\/IMG_2270-min.jpg\" target=\"_self\"><img loading=\"lazy\" decoding=\"async\" src=\"http:\/\/www.palmapalace.com\/wp-content\/uploads\/2016\/05\/IMG_2270-min.jpg\" width=\"2000\" height=\"1500\" alt=\"casa2\" \/><\/a><\/div><\/div><\/li><li class=\"fusion-carousel-item\"><div class=\"fusion-carousel-item-wrapper\"><div class=\"fusion-image-wrapper hover-type-liftup\"><a data-rel=\"iLightbox[gallery_image_2]\" data-title=\"casa2\" href=\"http:\/\/www.palmapalace.com\/wp-content\/uploads\/2016\/05\/IMG_2262-min.jpg\" target=\"_self\"><img loading=\"lazy\" decoding=\"async\" src=\"http:\/\/www.palmapalace.com\/wp-content\/uploads\/2016\/05\/IMG_2262-min.jpg\" width=\"2000\" height=\"1500\" alt=\"casa2\" \/><\/a><\/div><\/div><\/li><li class=\"fusion-carousel-item\"><div class=\"fusion-carousel-item-wrapper\"><div class=\"fusion-image-wrapper hover-type-liftup\"><a data-rel=\"iLightbox[gallery_image_2]\" data-title=\"casa2\" href=\"http:\/\/www.palmapalace.com\/wp-content\/uploads\/2016\/05\/IMG_2254-min.jpg\" target=\"_self\"><img loading=\"lazy\" decoding=\"async\" src=\"http:\/\/www.palmapalace.com\/wp-content\/uploads\/2016\/05\/IMG_2254-min.jpg\" width=\"2000\" height=\"1500\" alt=\"casa2\" \/><\/a><\/div><\/div><\/li><li class=\"fusion-carousel-item\"><div class=\"fusion-carousel-item-wrapper\"><div class=\"fusion-image-wrapper hover-type-liftup\"><a data-rel=\"iLightbox[gallery_image_2]\" data-title=\"banho\" href=\"http:\/\/www.palmapalace.com\/wp-content\/uploads\/2016\/07\/IMG_2258-min.jpg\" target=\"_self\"><img loading=\"lazy\" decoding=\"async\" src=\"http:\/\/www.palmapalace.com\/wp-content\/uploads\/2016\/07\/IMG_2258-min.jpg\" width=\"2000\" height=\"1500\" alt=\"banho\" \/><\/a><\/div><\/div><\/li><li class=\"fusion-carousel-item\"><div class=\"fusion-carousel-item-wrapper\"><div class=\"fusion-image-wrapper hover-type-liftup\"><a data-rel=\"iLightbox[gallery_image_2]\" data-title=\"casa2\" href=\"http:\/\/www.palmapalace.com\/wp-content\/uploads\/2016\/07\/IMG_2269-min.jpg\" target=\"_self\"><img loading=\"lazy\" decoding=\"async\" src=\"http:\/\/www.palmapalace.com\/wp-content\/uploads\/2016\/07\/IMG_2269-min.jpg\" width=\"2000\" height=\"1500\" alt=\"casa2\" \/><\/a><\/div><\/div><\/li><li class=\"fusion-carousel-item\"><div class=\"fusion-carousel-item-wrapper\"><div class=\"fusion-image-wrapper hover-type-liftup\"><a data-rel=\"iLightbox[gallery_image_2]\" data-title=\"casa2\" href=\"http:\/\/www.palmapalace.com\/wp-content\/uploads\/2016\/07\/IMG_2257-min.jpg\" target=\"_self\"><img loading=\"lazy\" decoding=\"async\" src=\"http:\/\/www.palmapalace.com\/wp-content\/uploads\/2016\/07\/IMG_2257-min.jpg\" width=\"2000\" height=\"1500\" alt=\"casa2\" \/><\/a><\/div><\/div><\/li><li class=\"fusion-carousel-item\"><div class=\"fusion-carousel-item-wrapper\"><div class=\"fusion-image-wrapper hover-type-liftup\"><a data-rel=\"iLightbox[gallery_image_2]\" data-title=\"casa2\" href=\"http:\/\/www.palmapalace.com\/wp-content\/uploads\/2016\/07\/IMG_2273-min.jpg\" target=\"_self\"><img loading=\"lazy\" decoding=\"async\" src=\"http:\/\/www.palmapalace.com\/wp-content\/uploads\/2016\/07\/IMG_2273-min.jpg\" width=\"2000\" height=\"1500\" alt=\"casa2\" \/><\/a><\/div><\/div><\/li><\/ul><div class=\"fusion-carousel-nav\"><span class=\"fusion-nav-prev\"><\/span><span class=\"fusion-nav-next\"><\/span><\/div><\/div><\/div><\/div><div class=\"fusion-clearfix\"><\/div><\/div><\/div><div class=\"fusion-one-half fusion-layout-column fusion-column-last fusion-spacing-yes\" style=\"margin-top:3%;margin-bottom:20px;\"><div class=\"fusion-column-wrapper\"><h1 style=\"text-align: center;\">Casa do Monte<\/h1>\n<div class=\"fusion-sep-clear\"><\/div><div class=\"fusion-separator sep-single\" style=\"border-color:#cbaa5c;border-top-width:1px;margin-left: auto;margin-right: auto;margin-top:0px;margin-bottom:20px;width:100%;max-width:50px;\"><\/div><p style=\"padding: 0px 50px; text-align: center;\">Esta casa tem 3 quartos, uma cozinha e uma casa de banho com um chuveiro, uma retrete e um lavat\u00f3rio.<\/p>\n<div class=\"fusion-button-wrapper fusion-aligncenter\"><style type=\"text\/css\" scoped=\"scoped\">.fusion-button.button-2 .fusion-button-text, .fusion-button.button-2 i {color:#ffffff;}.fusion-button.button-2 {border-width:0px;border-color:#ffffff;}.fusion-button.button-2 .fusion-button-icon-divider{border-color:#ffffff;}.fusion-button.button-2:hover .fusion-button-text, .fusion-button.button-2:hover i,.fusion-button.button-2:focus .fusion-button-text, .fusion-button.button-2:focus i,.fusion-button.button-2:active .fusion-button-text, .fusion-button.button-2:active{color:#ffffff;}.fusion-button.button-2:hover, .fusion-button.button-2:focus, .fusion-button.button-2:active{border-width:0px;border-color:#ffffff;}.fusion-button.button-2:hover .fusion-button-icon-divider, .fusion-button.button-2:hover .fusion-button-icon-divider, .fusion-button.button-2:active .fusion-button-icon-divider{border-color:#ffffff;}.fusion-button.button-2{background: #cbaa5c;}.fusion-button.button-2:hover,.button-2:focus,.fusion-button.button-2:active{background: #bc9c50;}.fusion-button.button-2{width:auto;}<\/style><a class=\"fusion-button button-flat button-square button-large button-custom button-2\" target=\"_self\" href=\"http:\/\/www.palmapalace.com\/pt-pt\/Rooms\/casa-2\/\"><span class=\"fusion-button-text\">Ver Detalhes<\/span><\/a><\/div><div class=\"fusion-sep-clear\"><\/div><div class=\"fusion-separator sep-single\" style=\"border-color:#cbaa5c;border-top-width:1px;margin-left: auto;margin-right: auto;margin-top:20px;margin-bottom:0px;width:100%;max-width:50px;\"><\/div><div class=\"fusion-clearfix\"><\/div><\/div><\/div><div class=\"fusion-clearfix\"><\/div><\/div><\/div><div class=\"fusion-sep-clear\"><\/div><div class=\"fusion-separator sep-single\" style=\"border-color:#cbaa5c;border-top-width:1px;margin-left: auto;margin-right: auto;margin-top:0px;margin-bottom:70px;width:100%;max-width:80%;\"><\/div>\n","protected":false},"excerpt":{"rendered":"","protected":false},"author":1,"featured_media":0,"parent":2325,"menu_order":0,"comment_status":"open","ping_status":"open","template":"100-width.php","meta":{"footnotes":""},"_links":{"self":[{"href":"http:\/\/www.palmapalace.com\/pt-pt\/wp-json\/wp\/v2\/pages\/3157"}],"collection":[{"href":"http:\/\/www.palmapalace.com\/pt-pt\/wp-json\/wp\/v2\/pages"}],"about":[{"href":"http:\/\/www.palmapalace.com\/pt-pt\/wp-json\/wp\/v2\/types\/page"}],"author":[{"embeddable":true,"href":"http:\/\/www.palmapalace.com\/pt-pt\/wp-json\/wp\/v2\/users\/1"}],"replies":[{"embeddable":true,"href":"http:\/\/www.palmapalace.com\/pt-pt\/wp-json\/wp\/v2\/comments?post=3157"}],"version-history":[{"count":18,"href":"http:\/\/www.palmapalace.com\/pt-pt\/wp-json\/wp\/v2\/pages\/3157\/revisions"}],"predecessor-version":[{"id":3738,"href":"http:\/\/www.palmapalace.com\/pt-pt\/wp-json\/wp\/v2\/pages\/3157\/revisions\/3738"}],"up":[{"embeddable":true,"href":"http:\/\/www.palmapalace.com\/pt-pt\/wp-json\/wp\/v2\/pages\/2325"}],"wp:attachment":[{"href":"http:\/\/www.palmapalace.com\/pt-pt\/wp-json\/wp\/v2\/media?parent=3157"}],"curies":[{"name":"wp","href":"https:\/\/api.w.org\/{rel}","templated":true}]}}