{"id":3546,"date":"2016-07-06T16:59:33","date_gmt":"2016-07-06T16:59:33","guid":{"rendered":"http:\/\/www.palmapalace.com\/pt-pt\/?page_id=3546"},"modified":"2016-07-16T14:46:26","modified_gmt":"2016-07-16T14:46:26","slug":"paypal","status":"publish","type":"page","link":"http:\/\/www.palmapalace.com\/pt-pt\/paypal\/","title":{"rendered":"Paypal"},"content":{"rendered":"<div class=\"fusion-fullwidth fullwidth-box fusion-fullwidth-1  fusion-parallax-none nonhundred-percent-fullwidth\" style=\"border-color:#eae9e9;border-bottom-width: 0px;border-top-width: 0px;border-bottom-style: solid;border-top-style: solid;padding-bottom:60px;padding-top:0px;padding-left:0px;padding-right:0px;background-color:rgba(255,255,255,0);\"><style type=\"text\/css\" scoped=\"scoped\">.fusion-fullwidth-1 {\n                            padding-left: 0px !important;\n                            padding-right: 0px !important;\n                        }<\/style><div class=\"fusion-row\"><div class=\"fusion-one-half fusion-layout-column fusion-spacing-yes\" style=\"margin-top:0px;margin-bottom:20px;\"><div class=\"fusion-column-wrapper\"><div class=\"fusion-sep-clear\"><\/div><div class=\"fusion-separator fusion-full-width-sep sep-none\" style=\"border-color:#e0dede;margin-left: auto;margin-right: auto;margin-top:40px;margin-bottom:20px;\"><\/div><h1 style=\"text-align: center;\">1\u00ba Passo<\/h1>\n<div class=\"fusion-sep-clear\"><\/div><div class=\"fusion-separator sep-single\" style=\"border-color:#cbaa5c;border-top-width:1px;margin-left: auto;margin-right: auto;margin-top:0px;margin-bottom:20px;width:100%;max-width:50px;\"><\/div><p style=\"padding: 0px 50px; text-align: center;\">Entrar no site do <a href=\"https:\/\/www.paypal.com\/pt\/home\" target=\"_blank\">Paypal<\/a> e clicar em &#8220;Enviar&#8221;.<\/p>\n<div class=\"fusion-button-wrapper fusion-aligncenter\"><style type=\"text\/css\" scoped=\"scoped\">.fusion-button.button-1 .fusion-button-text, .fusion-button.button-1 i {color:#ffffff;}.fusion-button.button-1 {border-width:0px;border-color:#ffffff;}.fusion-button.button-1 .fusion-button-icon-divider{border-color:#ffffff;}.fusion-button.button-1:hover .fusion-button-text, .fusion-button.button-1:hover i,.fusion-button.button-1:focus .fusion-button-text, .fusion-button.button-1:focus i,.fusion-button.button-1:active .fusion-button-text, .fusion-button.button-1:active{color:#ffffff;}.fusion-button.button-1:hover, .fusion-button.button-1:focus, .fusion-button.button-1:active{border-width:0px;border-color:#ffffff;}.fusion-button.button-1:hover .fusion-button-icon-divider, .fusion-button.button-1:hover .fusion-button-icon-divider, .fusion-button.button-1:active .fusion-button-icon-divider{border-color:#ffffff;}.fusion-button.button-1{background: #cbaa5c;}.fusion-button.button-1:hover,.button-1:focus,.fusion-button.button-1:active{background: #bc9c50;}.fusion-button.button-1{width:auto;}<\/style><a class=\"fusion-button button-flat button-square button-large button-default button-1\" target=\"_blank\" href=\"https:\/\/www.paypal.com\/pt\/home\"><span class=\"fusion-button-text fusion-button-text-right\">Paypal<\/span><span class=\"fusion-button-icon-divider button-icon-divider-right\"><i class=\"fa fa-angle-right\"><\/i><\/span><\/a><\/div><div class=\"fusion-clearfix\"><\/div><\/div><\/div><div class=\"fusion-one-half fusion-layout-column fusion-column-last fusion-spacing-yes\" style=\"margin-top:0px;margin-bottom:20px;\"><div class=\"fusion-column-wrapper\" style=\"background-color:#ffffff;border:1px solid #ebeef1;padding:40px;\"><div class=\"imageframe-align-center\"><div class=\"imageframe-liftup\"><span style=\"border:13px solid #ffffff;-moz-box-shadow: 2px 3px 7px rgba(0,0,0,.3);-webkit-box-shadow: 2px 3px 7px rgba(0,0,0,.3);box-shadow: 2px 3px 7px rgba(0,0,0,.3);\" class=\"fusion-imageframe imageframe-dropshadow imageframe-1\"><a href=\"http:\/\/www.palmapalace.com\/wp-content\/uploads\/2016\/07\/paypal1-1.jpg\" class=\"fusion-lightbox\" data-rel=\"iLightbox[f941e4504a9a3a79cbb]\" data-title=\"paypal1\"> <img loading=\"lazy\" decoding=\"async\" src=\"http:\/\/www.palmapalace.com\/wp-content\/uploads\/2016\/07\/paypal1-1.jpg\" alt=\"paypal1\" width=\"1366\" height=\"768\"class=\"img-responsive wp-image-3553\" srcset=\"http:\/\/www.palmapalace.com\/wp-content\/uploads\/2016\/07\/paypal1-1-200x112.jpg 200w, http:\/\/www.palmapalace.com\/wp-content\/uploads\/2016\/07\/paypal1-1-400x225.jpg 400w, http:\/\/www.palmapalace.com\/wp-content\/uploads\/2016\/07\/paypal1-1-600x337.jpg 600w, http:\/\/www.palmapalace.com\/wp-content\/uploads\/2016\/07\/paypal1-1-800x450.jpg 800w, http:\/\/www.palmapalace.com\/wp-content\/uploads\/2016\/07\/paypal1-1-1200x675.jpg 1200w, http:\/\/www.palmapalace.com\/wp-content\/uploads\/2016\/07\/paypal1-1.jpg 1366w\" sizes=\"(max-width: 800px) 100vw, 1170px\" \/><\/a><\/span><\/div><\/div><div class=\"fusion-clearfix\"><\/div><\/div><\/div><div class=\"fusion-clearfix\"><\/div><\/div><\/div><div class=\"fusion-sep-clear\"><\/div><div class=\"fusion-separator sep-single\" style=\"border-color:#cbaa5c;border-top-width:1px;margin-left: auto;margin-right: auto;margin-top:0px;margin-bottom:70px;width:100%;max-width:80%;\"><\/div><div class=\"fusion-fullwidth fullwidth-box fusion-fullwidth-2  fusion-parallax-none nonhundred-percent-fullwidth\" style=\"border-color:#eae9e9;border-bottom-width: 0px;border-top-width: 0px;border-bottom-style: solid;border-top-style: solid;padding-bottom:60px;padding-top:0px;padding-left:0px;padding-right:0px;background-color:rgba(255,255,255,0);\"><style type=\"text\/css\" scoped=\"scoped\">.fusion-fullwidth-2 {\n                            padding-left: 0px !important;\n                            padding-right: 0px !important;\n                        }<\/style><div class=\"fusion-row\"><div class=\"fusion-one-half fusion-layout-column fusion-spacing-yes\" style=\"margin-top:0px;margin-bottom:20px;\"><div class=\"fusion-column-wrapper\" style=\"background-color:#ffffff;border:1px solid #ebeef1;padding:40px;\"><div class=\"imageframe-align-center\"><div class=\"imageframe-liftup\"><span style=\"border:13px solid #ffffff;-moz-box-shadow: 2px 3px 7px rgba(0,0,0,.3);-webkit-box-shadow: 2px 3px 7px rgba(0,0,0,.3);box-shadow: 2px 3px 7px rgba(0,0,0,.3);\" class=\"fusion-imageframe imageframe-dropshadow imageframe-2\"><a href=\"http:\/\/www.palmapalace.com\/wp-content\/uploads\/2016\/07\/paypal2.png\" class=\"fusion-lightbox\" data-rel=\"iLightbox[1d0b7eefed4ee99f971]\" data-title=\"paypal2\"> <img loading=\"lazy\" decoding=\"async\" src=\"http:\/\/www.palmapalace.com\/wp-content\/uploads\/2016\/07\/paypal2.png\" alt=\"Passeios Tur\u00edsticos \" width=\"1366\" height=\"768\"class=\"img-responsive wp-image-3554\" srcset=\"http:\/\/www.palmapalace.com\/wp-content\/uploads\/2016\/07\/paypal2-200x112.png 200w, http:\/\/www.palmapalace.com\/wp-content\/uploads\/2016\/07\/paypal2-400x225.png 400w, http:\/\/www.palmapalace.com\/wp-content\/uploads\/2016\/07\/paypal2-600x337.png 600w, http:\/\/www.palmapalace.com\/wp-content\/uploads\/2016\/07\/paypal2-800x450.png 800w, http:\/\/www.palmapalace.com\/wp-content\/uploads\/2016\/07\/paypal2-1200x675.png 1200w, http:\/\/www.palmapalace.com\/wp-content\/uploads\/2016\/07\/paypal2.png 1366w\" sizes=\"(max-width: 800px) 100vw, 1170px\" \/><\/a><\/span><\/div><\/div><div class=\"fusion-clearfix\"><\/div><\/div><\/div><div class=\"fusion-one-half fusion-layout-column fusion-column-last fusion-spacing-yes\" style=\"margin-top:0px;margin-bottom:20px;\"><div class=\"fusion-column-wrapper\"><div class=\"fusion-sep-clear\"><\/div><div class=\"fusion-separator fusion-full-width-sep sep-none\" style=\"border-color:#e0dede;margin-left: auto;margin-right: auto;margin-top:40px;margin-bottom:20px;\"><\/div><h1 style=\"text-align: center;\">2\u00ba Passo<\/h1>\n<div class=\"fusion-sep-clear\"><\/div><div class=\"fusion-separator sep-single\" style=\"border-color:#cbaa5c;border-top-width:1px;margin-left: auto;margin-right: auto;margin-top:0px;margin-bottom:20px;width:100%;max-width:50px;\"><\/div><p style=\"padding: 0px 50px; text-align: center;\">Colocar o endere\u00e7o lourencoposser@gmail.com no campo de email e o montante a enviar.<\/p>\n<div class=\"fusion-clearfix\"><\/div><\/div><\/div><div class=\"fusion-clearfix\"><\/div><div class=\"fusion-sep-clear\"><\/div><div class=\"fusion-separator sep-single\" style=\"border-color:#cbaa5c;border-top-width:1px;margin-left: auto;margin-right: auto;margin-top:0px;margin-bottom:70px;width:100%;max-width:80%;\"><\/div><\/div><\/div><div class=\"fusion-fullwidth fullwidth-box fusion-fullwidth-3  fusion-parallax-none nonhundred-percent-fullwidth\" style=\"border-color:#eae9e9;border-bottom-width: 0px;border-top-width: 0px;border-bottom-style: solid;border-top-style: solid;padding-bottom:60px;padding-top:0px;padding-left:0px;padding-right:0px;background-color:rgba(255,255,255,0);\"><style type=\"text\/css\" scoped=\"scoped\">.fusion-fullwidth-3 {\n                            padding-left: 0px !important;\n                            padding-right: 0px !important;\n                        }<\/style><div class=\"fusion-row\"><div class=\"fusion-one-half fusion-layout-column fusion-spacing-yes\" style=\"margin-top:0px;margin-bottom:20px;\"><div class=\"fusion-column-wrapper\"><div class=\"fusion-sep-clear\"><\/div><div class=\"fusion-separator fusion-full-width-sep sep-none\" style=\"border-color:#e0dede;margin-left: auto;margin-right: auto;margin-top:40px;margin-bottom:20px;\"><\/div><h1 style=\"text-align: center;\">3\u00ba Passo<\/h1>\n<div class=\"fusion-sep-clear\"><\/div><div class=\"fusion-separator sep-single\" style=\"border-color:#cbaa5c;border-top-width:1px;margin-left: auto;margin-right: auto;margin-top:0px;margin-bottom:20px;width:100%;max-width:50px;\"><\/div><p style=\"padding: 0px 50px; text-align: center;\">Clicar no &#8220;Bens ou servi\u00e7os&#8221; como ilustra a imagem ao lado.<\/p>\n<div class=\"fusion-clearfix\"><\/div><\/div><\/div><div class=\"fusion-one-half fusion-layout-column fusion-column-last fusion-spacing-yes\" style=\"margin-top:0px;margin-bottom:20px;\"><div class=\"fusion-column-wrapper\" style=\"background-color:#ffffff;border:1px solid #ebeef1;padding:40px;\"><div class=\"imageframe-align-center\"><div class=\"imageframe-liftup\"><span style=\"border:13px solid #ffffff;-moz-box-shadow: 2px 3px 7px rgba(0,0,0,.3);-webkit-box-shadow: 2px 3px 7px rgba(0,0,0,.3);box-shadow: 2px 3px 7px rgba(0,0,0,.3);\" class=\"fusion-imageframe imageframe-dropshadow imageframe-3\"><a href=\"http:\/\/www.palmapalace.com\/wp-content\/uploads\/2016\/07\/paypal3.png\" class=\"fusion-lightbox\" data-rel=\"iLightbox[24afa8ebce5e553f45c]\" data-title=\"paypal3\"> <img loading=\"lazy\" decoding=\"async\" src=\"http:\/\/www.palmapalace.com\/wp-content\/uploads\/2016\/07\/paypal3.png\" alt=\"Passeios Tur\u00edsticos \" width=\"1366\" height=\"768\"class=\"img-responsive wp-image-3556\" srcset=\"http:\/\/www.palmapalace.com\/wp-content\/uploads\/2016\/07\/paypal3-200x112.png 200w, http:\/\/www.palmapalace.com\/wp-content\/uploads\/2016\/07\/paypal3-400x225.png 400w, http:\/\/www.palmapalace.com\/wp-content\/uploads\/2016\/07\/paypal3-600x337.png 600w, http:\/\/www.palmapalace.com\/wp-content\/uploads\/2016\/07\/paypal3-800x450.png 800w, http:\/\/www.palmapalace.com\/wp-content\/uploads\/2016\/07\/paypal3-1200x675.png 1200w, http:\/\/www.palmapalace.com\/wp-content\/uploads\/2016\/07\/paypal3.png 1366w\" sizes=\"(max-width: 800px) 100vw, 1170px\" \/><\/a><\/span><\/div><\/div><div class=\"fusion-clearfix\"><\/div><\/div><\/div><div class=\"fusion-clearfix\"><\/div><\/div><\/div><div class=\"fusion-sep-clear\"><\/div><div class=\"fusion-separator sep-single\" style=\"border-color:#cbaa5c;border-top-width:1px;margin-left: auto;margin-right: auto;margin-top:0px;margin-bottom:70px;width:100%;max-width:80%;\"><\/div><div class=\"fusion-fullwidth fullwidth-box fusion-fullwidth-4  fusion-parallax-none nonhundred-percent-fullwidth\" style=\"border-color:#eae9e9;border-bottom-width: 0px;border-top-width: 0px;border-bottom-style: solid;border-top-style: solid;padding-bottom:60px;padding-top:0px;padding-left:0px;padding-right:0px;background-color:rgba(255,255,255,0);\"><style type=\"text\/css\" scoped=\"scoped\">.fusion-fullwidth-4 {\n                            padding-left: 0px !important;\n                            padding-right: 0px !important;\n                        }<\/style><div class=\"fusion-row\"><div class=\"fusion-one-half fusion-layout-column fusion-spacing-yes\" style=\"margin-top:0px;margin-bottom:20px;\"><div class=\"fusion-column-wrapper\" style=\"background-color:#ffffff;border:1px solid #ebeef1;padding:40px;\"><div class=\"imageframe-align-center\"><div class=\"imageframe-liftup\"><span style=\"border:13px solid #ffffff;-moz-box-shadow: 2px 3px 7px rgba(0,0,0,.3);-webkit-box-shadow: 2px 3px 7px rgba(0,0,0,.3);box-shadow: 2px 3px 7px rgba(0,0,0,.3);\" class=\"fusion-imageframe imageframe-dropshadow imageframe-4\"><a href=\"http:\/\/www.palmapalace.com\/wp-content\/uploads\/2016\/07\/paypal4.png\" class=\"fusion-lightbox\" data-rel=\"iLightbox[81d70773b16743065ce]\" data-title=\"paypal4\"> <img loading=\"lazy\" decoding=\"async\" src=\"http:\/\/www.palmapalace.com\/wp-content\/uploads\/2016\/07\/paypal4.png\" alt=\"Passeios Tur\u00edsticos \" width=\"1366\" height=\"768\"class=\"img-responsive wp-image-3557\" srcset=\"http:\/\/www.palmapalace.com\/wp-content\/uploads\/2016\/07\/paypal4-200x112.png 200w, http:\/\/www.palmapalace.com\/wp-content\/uploads\/2016\/07\/paypal4-400x225.png 400w, http:\/\/www.palmapalace.com\/wp-content\/uploads\/2016\/07\/paypal4-600x337.png 600w, http:\/\/www.palmapalace.com\/wp-content\/uploads\/2016\/07\/paypal4-800x450.png 800w, http:\/\/www.palmapalace.com\/wp-content\/uploads\/2016\/07\/paypal4-1200x675.png 1200w, http:\/\/www.palmapalace.com\/wp-content\/uploads\/2016\/07\/paypal4.png 1366w\" sizes=\"(max-width: 800px) 100vw, 1170px\" \/><\/a><\/span><\/div><\/div><div class=\"fusion-clearfix\"><\/div><\/div><\/div><div class=\"fusion-one-half fusion-layout-column fusion-column-last fusion-spacing-yes\" style=\"margin-top:0px;margin-bottom:20px;\"><div class=\"fusion-column-wrapper\"><div class=\"fusion-sep-clear\"><\/div><div class=\"fusion-separator fusion-full-width-sep sep-none\" style=\"border-color:#e0dede;margin-left: auto;margin-right: auto;margin-top:40px;margin-bottom:20px;\"><\/div><h1 style=\"text-align: center;\">4\u00ba Passo<\/h1>\n<div class=\"fusion-sep-clear\"><\/div><div class=\"fusion-separator sep-single\" style=\"border-color:#cbaa5c;border-top-width:1px;margin-left: auto;margin-right: auto;margin-top:0px;margin-bottom:20px;width:100%;max-width:50px;\"><\/div><p style=\"padding: 0px 50px; text-align: center;\">Iniciar sess\u00e3o na sua conta (ou criar uma) e seguir as indica\u00e7\u00f5es.<\/p>\n<div class=\"fusion-clearfix\"><\/div><\/div><\/div><div class=\"fusion-clearfix\"><\/div><\/div><\/div><div class=\"fusion-sep-clear\"><\/div><div class=\"fusion-separator sep-single\" style=\"border-color:#cbaa5c;border-top-width:1px;margin-left: auto;margin-right: auto;margin-top:0px;margin-bottom:70px;width:100%;max-width:80%;\"><\/div><div class=\"fusion-fullwidth fullwidth-box fusion-fullwidth-5  fusion-parallax-none nonhundred-percent-fullwidth\" style=\"border-color:#eae9e9;border-bottom-width: 0px;border-top-width: 0px;border-bottom-style: solid;border-top-style: solid;padding-bottom:60px;padding-top:0px;padding-left:0px;padding-right:0px;background-color:rgba(255,255,255,0);\"><style type=\"text\/css\" scoped=\"scoped\">.fusion-fullwidth-5 {\n                            padding-left: 0px !important;\n                            padding-right: 0px !important;\n                        }<\/style><div class=\"fusion-row\"><div class=\"fusion-one-full fusion-layout-column fusion-column-last fusion-spacing-yes\" style=\"margin-top:0px;margin-bottom:20px;\"><div class=\"fusion-column-wrapper\"><div class=\"fusion-sep-clear\"><\/div><div class=\"fusion-separator fusion-full-width-sep sep-none\" style=\"border-color:#e0dede;margin-left: auto;margin-right: auto;margin-top:40px;margin-bottom:20px;\"><\/div><h1 style=\"text-align: center;\">5\u00ba Passo<\/h1>\n<div class=\"fusion-sep-clear\"><\/div><div class=\"fusion-separator sep-single\" style=\"border-color:#cbaa5c;border-top-width:1px;margin-left: auto;margin-right: auto;margin-top:0px;margin-bottom:20px;width:100%;max-width:50px;\"><\/div><p style=\"padding: 0px 50px; text-align: center;\">Receba uma Factura e um Recibo legal pelo seu pagamento.<\/p>\n<div class=\"fusion-clearfix\"><\/div><\/div><\/div><div class=\"fusion-clearfix\"><\/div><\/div><\/div>\n","protected":false},"excerpt":{"rendered":"","protected":false},"author":1,"featured_media":0,"parent":0,"menu_order":3,"comment_status":"open","ping_status":"closed","template":"100-width.php","meta":{"footnotes":""},"_links":{"self":[{"href":"http:\/\/www.palmapalace.com\/pt-pt\/wp-json\/wp\/v2\/pages\/3546"}],"collection":[{"href":"http:\/\/www.palmapalace.com\/pt-pt\/wp-json\/wp\/v2\/pages"}],"about":[{"href":"http:\/\/www.palmapalace.com\/pt-pt\/wp-json\/wp\/v2\/types\/page"}],"author":[{"embeddable":true,"href":"http:\/\/www.palmapalace.com\/pt-pt\/wp-json\/wp\/v2\/users\/1"}],"replies":[{"embeddable":true,"href":"http:\/\/www.palmapalace.com\/pt-pt\/wp-json\/wp\/v2\/comments?post=3546"}],"version-history":[{"count":15,"href":"http:\/\/www.palmapalace.com\/pt-pt\/wp-json\/wp\/v2\/pages\/3546\/revisions"}],"predecessor-version":[{"id":3683,"href":"http:\/\/www.palmapalace.com\/pt-pt\/wp-json\/wp\/v2\/pages\/3546\/revisions\/3683"}],"wp:attachment":[{"href":"http:\/\/www.palmapalace.com\/pt-pt\/wp-json\/wp\/v2\/media?parent=3546"}],"curies":[{"name":"wp","href":"https:\/\/api.w.org\/{rel}","templated":true}]}}