{"id":2306,"date":"2016-05-24T13:57:12","date_gmt":"2016-05-24T13:57:12","guid":{"rendered":"http:\/\/www.palmapalace.com\/pt-pt\/?page_id=2306"},"modified":"2017-01-12T15:32:17","modified_gmt":"2017-01-12T15:32:17","slug":"actividades","status":"publish","type":"page","link":"https:\/\/www.palmapalace.com\/pt-pt\/actividades\/","title":{"rendered":"Actividades"},"content":{"rendered":"<div class=\"fusion-fullwidth fullwidth-box fusion-fullwidth-1  fusion-parallax-none nonhundred-percent-fullwidth\" style=\"border-color:#eae9e9;border-bottom-width: 0px;border-top-width: 0px;border-bottom-style: solid;border-top-style: solid;padding-bottom:60px;padding-top:0px;padding-left:0px;padding-right:0px;background-color:rgba(255,255,255,0);\"><style type=\"text\/css\" scoped=\"scoped\">.fusion-fullwidth-1 {\n                            padding-left: 0px !important;\n                            padding-right: 0px !important;\n                        }<\/style><div class=\"fusion-row\"><div class=\"fusion-one-half fusion-layout-column fusion-spacing-yes\" style=\"margin-top:0px;margin-bottom:20px;\"><div class=\"fusion-column-wrapper\"><div class=\"fusion-sep-clear\"><\/div><div class=\"fusion-separator fusion-full-width-sep sep-none\" style=\"border-color:#e0dede;margin-left: auto;margin-right: auto;margin-top:40px;margin-bottom:20px;\"><\/div><p style=\"letter-spacing: 4px; font-size: 13px; text-align: center; margin-bottom: 0px;\">Desfrute das nossas actividades de pesca<\/p>\n<h1 style=\"text-align: center;\">Pescar<\/h1>\n<div class=\"fusion-sep-clear\"><\/div><div class=\"fusion-separator sep-single\" style=\"border-color:#cbaa5c;border-top-width:1px;margin-left: auto;margin-right: auto;margin-top:0px;margin-bottom:20px;width:100%;max-width:50px;\"><\/div><p style=\"padding: 0px 50px; text-align: center;\">O Pal\u00e1cio Velho de Palma disponibiliza de forma gratuita as suas barragens e a\u00e7udes e um bote a remos, para a pesca desportiva (devolvendo o peixe vivo \u00e0 \u00e1gua) dos ali existentes achig\u00e3s e carpas. Se solicitado, \u00e9 dada a permiss\u00e3o para pescar e cozinhar 2 ou 3 peixes, por estadia. N\u00e3o h\u00e1 limites para a pesca do lagostim de \u00e1gua doce.<\/p>\n<div class=\"fusion-button-wrapper fusion-aligncenter\"><style type=\"text\/css\" scoped=\"scoped\">.fusion-button.button-1 .fusion-button-text, .fusion-button.button-1 i {color:#ffffff;}.fusion-button.button-1 {border-width:0px;border-color:#ffffff;}.fusion-button.button-1 .fusion-button-icon-divider{border-color:#ffffff;}.fusion-button.button-1:hover .fusion-button-text, .fusion-button.button-1:hover i,.fusion-button.button-1:focus .fusion-button-text, .fusion-button.button-1:focus i,.fusion-button.button-1:active .fusion-button-text, .fusion-button.button-1:active{color:#ffffff;}.fusion-button.button-1:hover, .fusion-button.button-1:focus, .fusion-button.button-1:active{border-width:0px;border-color:#ffffff;}.fusion-button.button-1:hover .fusion-button-icon-divider, .fusion-button.button-1:hover .fusion-button-icon-divider, .fusion-button.button-1:active .fusion-button-icon-divider{border-color:#ffffff;}.fusion-button.button-1{background: #cbaa5c;}.fusion-button.button-1:hover,.button-1:focus,.fusion-button.button-1:active{background: #bc9c50;}.fusion-button.button-1{width:auto;}<\/style><a class=\"fusion-button button-flat button-square button-large button-default button-1\" target=\"_self\" href=\"http:\/\/www.palmapalace.com\/pt-pt\/actividades\/pescar\/\"><span class=\"fusion-button-text fusion-button-text-right\">Saiba Mais<\/span><span class=\"fusion-button-icon-divider button-icon-divider-right\"><i class=\"fa fa-angle-right\"><\/i><\/span><\/a><\/div><div class=\"fusion-clearfix\"><\/div><\/div><\/div><div class=\"fusion-one-half fusion-layout-column fusion-column-last fusion-spacing-yes\" style=\"margin-top:0px;margin-bottom:20px;\"><div class=\"fusion-column-wrapper\" style=\"background-color:#ffffff;border:1px solid #ebeef1;padding:40px;\"><div class=\"imageframe-align-center\"><div class=\"imageframe-liftup\"><span style=\"border:13px solid #ffffff;-moz-box-shadow: 2px 3px 7px rgba(0,0,0,.3);-webkit-box-shadow: 2px 3px 7px rgba(0,0,0,.3);box-shadow: 2px 3px 7px rgba(0,0,0,.3);\" class=\"fusion-imageframe imageframe-dropshadow imageframe-1\"><a class=\"fusion-no-lightbox\" href=\"http:\/\/www.palmapalace.com\/pt-pt\/actividades\/pescar\/\" target=\"_self\"> <img loading=\"lazy\" decoding=\"async\" src=\"http:\/\/www.palmapalace.com\/wp-content\/uploads\/2016\/05\/barragem.jpg\" alt=\"Pesca\" width=\"4000\" height=\"3000\"class=\"img-responsive wp-image-2235\" srcset=\"https:\/\/www.palmapalace.com\/wp-content\/uploads\/2016\/05\/barragem-120x90.jpg 120w, https:\/\/www.palmapalace.com\/wp-content\/uploads\/2016\/05\/barragem-300x225.jpg 300w, https:\/\/www.palmapalace.com\/wp-content\/uploads\/2016\/05\/barragem-500x375.jpg 500w, https:\/\/www.palmapalace.com\/wp-content\/uploads\/2016\/05\/barragem-768x576.jpg 768w, https:\/\/www.palmapalace.com\/wp-content\/uploads\/2016\/05\/barragem-1024x768.jpg 1024w, https:\/\/www.palmapalace.com\/wp-content\/uploads\/2016\/05\/barragem.jpg 4000w\" sizes=\"(max-width: 4000px) 100vw, 4000px\" \/><\/a><\/span><\/div><\/div><div class=\"fusion-clearfix\"><\/div><\/div><\/div><div class=\"fusion-clearfix\"><\/div><\/div><\/div><div class=\"fusion-sep-clear\"><\/div><div class=\"fusion-separator sep-single\" style=\"border-color:#cbaa5c;border-top-width:1px;margin-left: auto;margin-right: auto;margin-top:0px;margin-bottom:70px;width:100%;max-width:80%;\"><\/div><div class=\"fusion-fullwidth fullwidth-box fusion-fullwidth-2  fusion-parallax-none nonhundred-percent-fullwidth\" style=\"border-color:#eae9e9;border-bottom-width: 0px;border-top-width: 0px;border-bottom-style: solid;border-top-style: solid;padding-bottom:60px;padding-top:0px;padding-left:0px;padding-right:0px;background-color:rgba(255,255,255,0);\"><style type=\"text\/css\" scoped=\"scoped\">.fusion-fullwidth-2 {\n                            padding-left: 0px !important;\n                            padding-right: 0px !important;\n                        }<\/style><div class=\"fusion-row\"><div class=\"fusion-one-half fusion-layout-column fusion-spacing-yes\" style=\"margin-top:0px;margin-bottom:20px;\"><div class=\"fusion-column-wrapper\" style=\"background-color:#ffffff;border:1px solid #ebeef1;padding:40px;\"><div class=\"imageframe-align-center\"><div class=\"imageframe-liftup\"><span style=\"border:13px solid #ffffff;-moz-box-shadow: 2px 3px 7px rgba(0,0,0,.3);-webkit-box-shadow: 2px 3px 7px rgba(0,0,0,.3);box-shadow: 2px 3px 7px rgba(0,0,0,.3);\" class=\"fusion-imageframe imageframe-dropshadow imageframe-2\"><a class=\"fusion-no-lightbox\" href=\"http:\/\/www.palmapalace.com\/pt-pt\/actividades\/passeios-turisticos\/\" target=\"_self\"> <img loading=\"lazy\" decoding=\"async\" src=\"http:\/\/www.palmapalace.com\/wp-content\/uploads\/2016\/05\/palmapalacehistory3.jpg\" alt=\"Passeios Tur\u00edsticos \" width=\"4000\" height=\"3000\"class=\"img-responsive wp-image-2244\" srcset=\"https:\/\/www.palmapalace.com\/wp-content\/uploads\/2016\/05\/palmapalacehistory3-120x90.jpg 120w, https:\/\/www.palmapalace.com\/wp-content\/uploads\/2016\/05\/palmapalacehistory3-300x225.jpg 300w, https:\/\/www.palmapalace.com\/wp-content\/uploads\/2016\/05\/palmapalacehistory3-500x375.jpg 500w, https:\/\/www.palmapalace.com\/wp-content\/uploads\/2016\/05\/palmapalacehistory3-768x576.jpg 768w, https:\/\/www.palmapalace.com\/wp-content\/uploads\/2016\/05\/palmapalacehistory3-1024x768.jpg 1024w, https:\/\/www.palmapalace.com\/wp-content\/uploads\/2016\/05\/palmapalacehistory3.jpg 4000w\" sizes=\"(max-width: 4000px) 100vw, 4000px\" \/><\/a><\/span><\/div><\/div><div class=\"fusion-clearfix\"><\/div><\/div><\/div><div class=\"fusion-one-half fusion-layout-column fusion-column-last fusion-spacing-yes\" style=\"margin-top:0px;margin-bottom:20px;\"><div class=\"fusion-column-wrapper\"><div class=\"fusion-sep-clear\"><\/div><div class=\"fusion-separator fusion-full-width-sep sep-none\" style=\"border-color:#e0dede;margin-left: auto;margin-right: auto;margin-top:40px;margin-bottom:20px;\"><\/div><p style=\"letter-spacing: 4px; font-size: 13px; text-align: center; margin-bottom: 0px;\">Descubra a regi\u00e3o com as nossas vesitas guiadas<\/p>\n<h1 style=\"text-align: center;\">Visitas guiadas<\/h1>\n<div class=\"fusion-sep-clear\"><\/div><div class=\"fusion-separator sep-single\" style=\"border-color:#cbaa5c;border-top-width:1px;margin-left: auto;margin-right: auto;margin-top:0px;margin-bottom:20px;width:100%;max-width:50px;\"><\/div><p style=\"padding: 0px 50px; text-align: center;\">Vamos apresent\u00e1-lo a um Mundo onde voc\u00ea vai encontrar tudo, desde ru\u00ednas Romanas e Fen\u00edcias, arquitectura Crist\u00e3 e Moura medieval, a cozinha local deliciosa e vinhos.<\/p>\n<div class=\"fusion-button-wrapper fusion-aligncenter\"><style type=\"text\/css\" scoped=\"scoped\">.fusion-button.button-2 .fusion-button-text, .fusion-button.button-2 i {color:#ffffff;}.fusion-button.button-2 {border-width:0px;border-color:#ffffff;}.fusion-button.button-2 .fusion-button-icon-divider{border-color:#ffffff;}.fusion-button.button-2:hover .fusion-button-text, .fusion-button.button-2:hover i,.fusion-button.button-2:focus .fusion-button-text, .fusion-button.button-2:focus i,.fusion-button.button-2:active .fusion-button-text, .fusion-button.button-2:active{color:#ffffff;}.fusion-button.button-2:hover, .fusion-button.button-2:focus, .fusion-button.button-2:active{border-width:0px;border-color:#ffffff;}.fusion-button.button-2:hover .fusion-button-icon-divider, .fusion-button.button-2:hover .fusion-button-icon-divider, .fusion-button.button-2:active .fusion-button-icon-divider{border-color:#ffffff;}.fusion-button.button-2{background: #cbaa5c;}.fusion-button.button-2:hover,.button-2:focus,.fusion-button.button-2:active{background: #bc9c50;}.fusion-button.button-2{width:auto;}<\/style><a class=\"fusion-button button-flat button-square button-large button-default button-2\" target=\"_self\" href=\"http:\/\/www.palmapalace.com\/pt-pt\/actividades\/passeios-turisticos\/\"><span class=\"fusion-button-text fusion-button-text-right\">Saiba Mais<\/span><span class=\"fusion-button-icon-divider button-icon-divider-right\"><i class=\"fa fa-angle-right\"><\/i><\/span><\/a><\/div><div class=\"fusion-clearfix\"><\/div><\/div><\/div><div class=\"fusion-clearfix\"><\/div><\/div><\/div><div class=\"fusion-fullwidth fullwidth-box fusion-fullwidth-3  fusion-parallax-none nonhundred-percent-fullwidth\" style=\"border-color:#eae9e9;border-bottom-width: 0px;border-top-width: 0px;border-bottom-style: solid;border-top-style: solid;padding-bottom:60px;padding-top:0px;padding-left:0px;padding-right:0px;background-color:rgba(255,255,255,0);\"><style type=\"text\/css\" scoped=\"scoped\">.fusion-fullwidth-3 {\n                            padding-left: 0px !important;\n                            padding-right: 0px !important;\n                        }<\/style><div class=\"fusion-row\"><div class=\"fusion-one-half fusion-layout-column fusion-spacing-yes\" style=\"margin-top:0px;margin-bottom:20px;\"><div class=\"fusion-column-wrapper\"><div class=\"fusion-sep-clear\"><\/div><div class=\"fusion-separator fusion-full-width-sep sep-none\" style=\"border-color:#e0dede;margin-left: auto;margin-right: auto;margin-top:40px;margin-bottom:20px;\"><\/div><p style=\"letter-spacing: 4px; font-size: 13px; text-align: center; margin-bottom: 0px;\">Desfrute das nossas actividades de observa\u00e7\u00e3o de aves<\/p>\n<h1 style=\"text-align: center;\">Observa\u00e7\u00e3o de aves<\/h1>\n<div class=\"fusion-sep-clear\"><\/div><div class=\"fusion-separator sep-single\" style=\"border-color:#cbaa5c;border-top-width:1px;margin-left: auto;margin-right: auto;margin-top:0px;margin-bottom:20px;width:100%;max-width:50px;\"><\/div><p style=\"padding: 0px 50px; text-align: center;\">Observa\u00e7\u00e3o de aves \u00e9 uma atividade gratificante na herdade do Pal\u00e1cio Velho de Palma. Temos todo o tipo de aves nas nossas florestas, clareiras, barragens e estamos situados perto do impressionante Santu\u00e1rio de Aves do Rio Sado.<\/p>\n<div class=\"fusion-button-wrapper fusion-aligncenter\"><style type=\"text\/css\" scoped=\"scoped\">.fusion-button.button-3 .fusion-button-text, .fusion-button.button-3 i {color:#ffffff;}.fusion-button.button-3 {border-width:0px;border-color:#ffffff;}.fusion-button.button-3 .fusion-button-icon-divider{border-color:#ffffff;}.fusion-button.button-3:hover .fusion-button-text, .fusion-button.button-3:hover i,.fusion-button.button-3:focus .fusion-button-text, .fusion-button.button-3:focus i,.fusion-button.button-3:active .fusion-button-text, .fusion-button.button-3:active{color:#ffffff;}.fusion-button.button-3:hover, .fusion-button.button-3:focus, .fusion-button.button-3:active{border-width:0px;border-color:#ffffff;}.fusion-button.button-3:hover .fusion-button-icon-divider, .fusion-button.button-3:hover .fusion-button-icon-divider, .fusion-button.button-3:active .fusion-button-icon-divider{border-color:#ffffff;}.fusion-button.button-3{background: #cbaa5c;}.fusion-button.button-3:hover,.button-3:focus,.fusion-button.button-3:active{background: #bc9c50;}.fusion-button.button-3{width:auto;}<\/style><a class=\"fusion-button button-flat button-square button-large button-default button-3\" target=\"_self\" href=\"http:\/\/www.palmapalace.com\/pt-pt\/actividades\/observar-aves\/\"><span class=\"fusion-button-text fusion-button-text-right\">Saiba Mais<\/span><span class=\"fusion-button-icon-divider button-icon-divider-right\"><i class=\"fa fa-angle-right\"><\/i><\/span><\/a><\/div><div class=\"fusion-clearfix\"><\/div><\/div><\/div><div class=\"fusion-one-half fusion-layout-column fusion-column-last fusion-spacing-yes\" style=\"margin-top:0px;margin-bottom:20px;\"><div class=\"fusion-column-wrapper\" style=\"background-color:#ffffff;border:1px solid #ebeef1;padding:40px;\"><div class=\"imageframe-align-center\"><div class=\"imageframe-liftup\"><span style=\"border:13px solid #ffffff;-moz-box-shadow: 2px 3px 7px rgba(0,0,0,.3);-webkit-box-shadow: 2px 3px 7px rgba(0,0,0,.3);box-shadow: 2px 3px 7px rgba(0,0,0,.3);\" class=\"fusion-imageframe imageframe-dropshadow imageframe-3\"><a class=\"fusion-no-lightbox\" href=\"http:\/\/www.palmapalace.com\/pt-pt\/actividades\/observar-aves\/\" target=\"_self\"> <img loading=\"lazy\" decoding=\"async\" src=\"http:\/\/www.palmapalace.com\/wp-content\/uploads\/2016\/04\/mirante2.jpg\" alt=\"Observa\u00e7\u00e3o de aves\" width=\"2000\" height=\"1500\"class=\"img-responsive wp-image-2826\" srcset=\"https:\/\/www.palmapalace.com\/wp-content\/uploads\/2016\/04\/mirante2-120x90.jpg 120w, https:\/\/www.palmapalace.com\/wp-content\/uploads\/2016\/04\/mirante2-300x225.jpg 300w, https:\/\/www.palmapalace.com\/wp-content\/uploads\/2016\/04\/mirante2-500x375.jpg 500w, https:\/\/www.palmapalace.com\/wp-content\/uploads\/2016\/04\/mirante2-768x576.jpg 768w, https:\/\/www.palmapalace.com\/wp-content\/uploads\/2016\/04\/mirante2-1024x768.jpg 1024w, https:\/\/www.palmapalace.com\/wp-content\/uploads\/2016\/04\/mirante2.jpg 2000w\" sizes=\"(max-width: 2000px) 100vw, 2000px\" \/><\/a><\/span><\/div><\/div><div class=\"fusion-clearfix\"><\/div><\/div><\/div><div class=\"fusion-clearfix\"><\/div><\/div><\/div><div class=\"fusion-sep-clear\"><\/div><div class=\"fusion-separator sep-single\" style=\"border-color:#cbaa5c;border-top-width:1px;margin-left: auto;margin-right: auto;margin-top:0px;margin-bottom:70px;width:100%;max-width:80%;\"><\/div><div class=\"fusion-fullwidth fullwidth-box fusion-fullwidth-4  fusion-parallax-none nonhundred-percent-fullwidth\" style=\"border-color:#eae9e9;border-bottom-width: 0px;border-top-width: 0px;border-bottom-style: solid;border-top-style: solid;padding-bottom:60px;padding-top:0px;padding-left:0px;padding-right:0px;background-color:rgba(255,255,255,0);\"><style type=\"text\/css\" scoped=\"scoped\">.fusion-fullwidth-4 {\n                            padding-left: 0px !important;\n                            padding-right: 0px !important;\n                        }<\/style><div class=\"fusion-row\"><div class=\"fusion-one-half fusion-layout-column fusion-spacing-yes\" style=\"margin-top:0px;margin-bottom:20px;\"><div class=\"fusion-column-wrapper\" style=\"background-color:#ffffff;border:1px solid #ebeef1;padding:40px;\"><div class=\"imageframe-align-center\"><div class=\"imageframe-liftup\"><span style=\"border:13px solid #ffffff;-moz-box-shadow: 2px 3px 7px rgba(0,0,0,.3);-webkit-box-shadow: 2px 3px 7px rgba(0,0,0,.3);box-shadow: 2px 3px 7px rgba(0,0,0,.3);\" class=\"fusion-imageframe imageframe-dropshadow imageframe-4\"><a class=\"fusion-no-lightbox\" href=\"http:\/\/www.palmapalace.com\/pt-pt\/actividades\/observacao-astrologica\/\" target=\"_self\"> <img loading=\"lazy\" decoding=\"async\" src=\"http:\/\/www.palmapalace.com\/wp-content\/uploads\/2016\/05\/IMG_2147.jpg\" alt=\"Observa\u00e7\u00e3o Astrol\u00f3gica\" width=\"4000\" height=\"3000\"class=\"img-responsive wp-image-2651\" srcset=\"https:\/\/www.palmapalace.com\/wp-content\/uploads\/2016\/05\/IMG_2147-120x90.jpg 120w, https:\/\/www.palmapalace.com\/wp-content\/uploads\/2016\/05\/IMG_2147-300x225.jpg 300w, https:\/\/www.palmapalace.com\/wp-content\/uploads\/2016\/05\/IMG_2147-500x375.jpg 500w, https:\/\/www.palmapalace.com\/wp-content\/uploads\/2016\/05\/IMG_2147-768x576.jpg 768w, https:\/\/www.palmapalace.com\/wp-content\/uploads\/2016\/05\/IMG_2147-1024x768.jpg 1024w, https:\/\/www.palmapalace.com\/wp-content\/uploads\/2016\/05\/IMG_2147.jpg 4000w\" sizes=\"(max-width: 4000px) 100vw, 4000px\" \/><\/a><\/span><\/div><\/div><div class=\"fusion-clearfix\"><\/div><\/div><\/div><div class=\"fusion-one-half fusion-layout-column fusion-column-last fusion-spacing-yes\" style=\"margin-top:0px;margin-bottom:20px;\"><div class=\"fusion-column-wrapper\"><div class=\"fusion-sep-clear\"><\/div><div class=\"fusion-separator fusion-full-width-sep sep-none\" style=\"border-color:#e0dede;margin-left: auto;margin-right: auto;margin-top:40px;margin-bottom:20px;\"><\/div><p style=\"letter-spacing: 4px; font-size: 13px; text-align: center; margin-bottom: 0px;\">Desfrute das nossas actividade de Observa\u00e7\u00e3o Astron\u00f3mica<\/p>\n<h1 style=\"text-align: center;\">Observa\u00e7\u00e3o Astron\u00f3mica<\/h1>\n<div class=\"fusion-sep-clear\"><\/div><div class=\"fusion-separator sep-single\" style=\"border-color:#cbaa5c;border-top-width:1px;margin-left: auto;margin-right: auto;margin-top:0px;margin-bottom:20px;width:100%;max-width:50px;\"><\/div><p style=\"padding: 0px 50px; text-align: center;\">O Pal\u00e1cio Velho de Palma oferece v\u00e1rios pontos de observa\u00e7\u00e3o das estrelas, num c\u00e9u m\u00e1gico, sem luz artificial nas proximidades ou polui\u00e7\u00e3o que o diminuam.<\/p>\n<div class=\"fusion-button-wrapper fusion-aligncenter\"><style type=\"text\/css\" scoped=\"scoped\">.fusion-button.button-4 .fusion-button-text, .fusion-button.button-4 i {color:#ffffff;}.fusion-button.button-4 {border-width:0px;border-color:#ffffff;}.fusion-button.button-4 .fusion-button-icon-divider{border-color:#ffffff;}.fusion-button.button-4:hover .fusion-button-text, .fusion-button.button-4:hover i,.fusion-button.button-4:focus .fusion-button-text, .fusion-button.button-4:focus i,.fusion-button.button-4:active .fusion-button-text, .fusion-button.button-4:active{color:#ffffff;}.fusion-button.button-4:hover, .fusion-button.button-4:focus, .fusion-button.button-4:active{border-width:0px;border-color:#ffffff;}.fusion-button.button-4:hover .fusion-button-icon-divider, .fusion-button.button-4:hover .fusion-button-icon-divider, .fusion-button.button-4:active .fusion-button-icon-divider{border-color:#ffffff;}.fusion-button.button-4{background: #cbaa5c;}.fusion-button.button-4:hover,.button-4:focus,.fusion-button.button-4:active{background: #bc9c50;}.fusion-button.button-4{width:auto;}<\/style><a class=\"fusion-button button-flat button-square button-large button-default button-4\" target=\"_self\" href=\"http:\/\/www.palmapalace.com\/pt-pt\/actividades\/observacao-astrologica\/\"><span class=\"fusion-button-text fusion-button-text-right\">Saiba Mais<\/span><span class=\"fusion-button-icon-divider button-icon-divider-right\"><i class=\"fa fa-angle-right\"><\/i><\/span><\/a><\/div><div class=\"fusion-clearfix\"><\/div><\/div><\/div><div class=\"fusion-clearfix\"><\/div><\/div><\/div>\n","protected":false},"excerpt":{"rendered":"","protected":false},"author":1,"featured_media":0,"parent":0,"menu_order":3,"comment_status":"open","ping_status":"closed","template":"100-width.php","meta":{"footnotes":""},"_links":{"self":[{"href":"https:\/\/www.palmapalace.com\/pt-pt\/wp-json\/wp\/v2\/pages\/2306"}],"collection":[{"href":"https:\/\/www.palmapalace.com\/pt-pt\/wp-json\/wp\/v2\/pages"}],"about":[{"href":"https:\/\/www.palmapalace.com\/pt-pt\/wp-json\/wp\/v2\/types\/page"}],"author":[{"embeddable":true,"href":"https:\/\/www.palmapalace.com\/pt-pt\/wp-json\/wp\/v2\/users\/1"}],"replies":[{"embeddable":true,"href":"https:\/\/www.palmapalace.com\/pt-pt\/wp-json\/wp\/v2\/comments?post=2306"}],"version-history":[{"count":16,"href":"https:\/\/www.palmapalace.com\/pt-pt\/wp-json\/wp\/v2\/pages\/2306\/revisions"}],"predecessor-version":[{"id":3872,"href":"https:\/\/www.palmapalace.com\/pt-pt\/wp-json\/wp\/v2\/pages\/2306\/revisions\/3872"}],"wp:attachment":[{"href":"https:\/\/www.palmapalace.com\/pt-pt\/wp-json\/wp\/v2\/media?parent=2306"}],"curies":[{"name":"wp","href":"https:\/\/api.w.org\/{rel}","templated":true}]}}