{"id":2311,"date":"2016-05-24T14:07:49","date_gmt":"2016-05-24T14:07:49","guid":{"rendered":"http:\/\/www.palmapalace.com\/pt-pt\/?page_id=2311"},"modified":"2016-08-29T10:46:44","modified_gmt":"2016-08-29T10:46:44","slug":"conteudo-historico","status":"publish","type":"page","link":"https:\/\/www.palmapalace.com\/pt-pt\/conteudo-historico\/","title":{"rendered":"Conte\u00fado historico"},"content":{"rendered":"<div class=\"fusion-fullwidth fullwidth-box fusion-fullwidth-1  fusion-parallax-none nonhundred-percent-fullwidth\" style=\"border-color:#eae9e9;border-bottom-width: 0px;border-top-width: 0px;border-bottom-style: solid;border-top-style: solid;padding-bottom:85px;padding-top:0px;padding-left:0px;padding-right:0px;background-color:rgba(255,255,255,0);\"><style type=\"text\/css\" scoped=\"scoped\">.fusion-fullwidth-1 {\n                            padding-left: 0px !important;\n                            padding-right: 0px !important;\n                        }<\/style><div class=\"fusion-row\"><p>N\u00e3o se sabe a exacta origem do Pal\u00e1cio Velho de Palma (em estudo no momento).<\/p>\n<p>\u00c9 seguramente uma das mais antigas habita\u00e7\u00f5es Portuguesas, tendo o local se tornado primeiro conhecido no s\u00e9c. XII, quando aqui funcionou uma \u2018Capelania\u2019 da Ordem de Santiago.<\/p>\n<p>Depois, no tempo de D.Pedro de Mascarenhas (14??-1555), 1\u00ba Conde de Palma e Vice-Rei da \u00cdndia, quando o mesmo \u201capadrinhou\u201d S. Francisco Xavier\u2026 que rezou missa na ent\u00e3o capela do Pal\u00e1cio (agora sala de jantar) e, contam os antigos, aben\u00e7oou as \u00e1guas da fonte \u00c1rabe ent\u00e3o rebaptizada com o seu nome e que ainda agora abastece toda a aldeia de Palma.<\/p>\n<p>Por volta de 1875 a casa foi &#8220;<span id=\"eL_4_texto\"><span class=\"FSG_erroOrtografico\">re-amanhada<\/span><\/span>&#8221; pelo lado <span id=\"eL_5_texto\"><span class=\"FSG_erroOrtografico\">S.Rom\u0103o<\/span><\/span> da nossa fam\u00edlia, pela <span id=\"eL_6_texto\"><span class=\"FSG_erroOrtografico\">m\u0103o<\/span><\/span> de Jos\u00e9 Maria dos Santos, que casou com a nossa <span id=\"eL_7_texto\"><span class=\"FSG_erroOrtografico\">quartav\u00f3<\/span><\/span>, <span id=\"eL_8_texto\"><span class=\"FSG_erroOrtografico\">ent\u0103o<\/span><\/span> vi\u00fava, <span id=\"eL_9_texto\"><span class=\"FSG_erroOrtografico\">n\u0103o<\/span><\/span> resultando qualquer descend\u00eancia dessa <span id=\"eL_10_texto\"><span class=\"FSG_erroOrtografico\">uni\u0103o<\/span><\/span> e, em 1920, foi melhorada pelo Dr. Jos\u00e9 Maria <span id=\"eL_11_texto\"><span class=\"FSG_erroOrtografico\">Posser<\/span><\/span> de Andrade, nosso bisav\u00f4.<\/p>\n<p>El-Rei <span id=\"eL_12_texto\"><span class=\"FSG_erroOrtografico\">D.Carlos<\/span><\/span> foi h\u00f3spede frequente, em programas de ca\u00e7a ou\/e altas cavalarias.<\/p>\n<\/div><\/div><div class=\"fusion-fullwidth fullwidth-box fusion-fullwidth-2  fusion-parallax-none nonhundred-percent-fullwidth\" style=\"border-color:#eae9e9;border-bottom-width: 0px;border-top-width: 0px;border-bottom-style: solid;border-top-style: solid;padding-bottom:85px;padding-top:0px;padding-left:30px;padding-right:30px;padding-left:30px !important;padding-right:30px !important;background-color:rgba(255,255,255,0);\"><style type=\"text\/css\" scoped=\"scoped\">.fusion-fullwidth-2 {\n                            padding-left: 30px !important;\n                            padding-right: 30px !important;\n                        }<\/style><div class=\"fusion-row\"><div class=\"fusion-one-half fusion-layout-column fusion-spacing-yes\" style=\"margin-top:0px;margin-bottom:20px;\"><div class=\"fusion-column-wrapper\"><span style=\"-moz-box-shadow: 0 0 3px rgba(0,0,0,.3);-webkit-box-shadow: 0 0 3px rgba(0,0,0,.3);box-shadow: 0 0 3px rgba(0,0,0,.3);\" class=\"fusion-imageframe imageframe-glow imageframe-1 hover-type-zoomin\"><a href=\"http:\/\/www.palmapalace.com\/wp-content\/uploads\/2016\/07\/IMG_2249-min.jpg\" class=\"fusion-lightbox\" data-rel=\"iLightbox[dcbd2174c2062197277]\" data-title=\"fonte\"> <img loading=\"lazy\" decoding=\"async\" alt=\"fonte\" src=\"http:\/\/www.palmapalace.com\/wp-content\/uploads\/2016\/07\/IMG_2249-min.jpg\" width=\"2000\" height=\"1500\"class=\"img-responsive wp-image-3438\" srcset=\"https:\/\/www.palmapalace.com\/wp-content\/uploads\/2016\/07\/IMG_2249-min-200x150.jpg 200w, https:\/\/www.palmapalace.com\/wp-content\/uploads\/2016\/07\/IMG_2249-min-400x300.jpg 400w, https:\/\/www.palmapalace.com\/wp-content\/uploads\/2016\/07\/IMG_2249-min-600x450.jpg 600w, https:\/\/www.palmapalace.com\/wp-content\/uploads\/2016\/07\/IMG_2249-min-800x600.jpg 800w, https:\/\/www.palmapalace.com\/wp-content\/uploads\/2016\/07\/IMG_2249-min-1200x900.jpg 1200w, https:\/\/www.palmapalace.com\/wp-content\/uploads\/2016\/07\/IMG_2249-min.jpg 2000w\" sizes=\"(max-width: 800px) 100vw, 1170px\" \/><\/a><\/span><div class=\"fusion-clearfix\"><\/div><\/div><\/div><div class=\"fusion-one-half fusion-layout-column fusion-column-last fusion-spacing-yes\" style=\"margin-top:0px;margin-bottom:20px;\"><div class=\"fusion-column-wrapper\"><span style=\"-moz-box-shadow: 2px 3px 7px rgba(0,0,0,.3);-webkit-box-shadow: 2px 3px 7px rgba(0,0,0,.3);box-shadow: 2px 3px 7px rgba(0,0,0,.3);\" class=\"fusion-imageframe imageframe-dropshadow imageframe-2 hover-type-zoomin\"><a href=\"http:\/\/www.palmapalace.com\/wp-content\/uploads\/2016\/05\/IMG_1999.jpg\" class=\"fusion-lightbox\" data-rel=\"iLightbox[cb92c12da4ee87c9021]\" data-title=\"room\"> <img loading=\"lazy\" decoding=\"async\" alt=\"room\" src=\"http:\/\/www.palmapalace.com\/wp-content\/uploads\/2015\/02\/IMG_1999-1024x768.jpg\" width=\"1024\" height=\"768\"class=\"img-responsive wp-image-2556\" srcset=\"https:\/\/www.palmapalace.com\/wp-content\/uploads\/2015\/02\/IMG_1999-120x90.jpg 120w, https:\/\/www.palmapalace.com\/wp-content\/uploads\/2015\/02\/IMG_1999-300x225.jpg 300w, https:\/\/www.palmapalace.com\/wp-content\/uploads\/2015\/02\/IMG_1999-500x375.jpg 500w, https:\/\/www.palmapalace.com\/wp-content\/uploads\/2015\/02\/IMG_1999-768x576.jpg 768w, https:\/\/www.palmapalace.com\/wp-content\/uploads\/2015\/02\/IMG_1999-1024x768.jpg 1024w, https:\/\/www.palmapalace.com\/wp-content\/uploads\/2015\/02\/IMG_1999.jpg 4000w\" sizes=\"(max-width: 1024px) 100vw, 1024px\" \/><\/a><\/span><div class=\"fusion-clearfix\"><\/div><\/div><\/div><div class=\"fusion-clearfix\"><\/div><div class=\"fusion-one-half fusion-layout-column fusion-spacing-yes\" style=\"margin-top:0px;margin-bottom:20px;\"><div class=\"fusion-column-wrapper\"><span style=\"-moz-box-shadow: 0 0 3px rgba(0,0,0,.3);-webkit-box-shadow: 0 0 3px rgba(0,0,0,.3);box-shadow: 0 0 3px rgba(0,0,0,.3);\" class=\"fusion-imageframe imageframe-glow imageframe-3 hover-type-zoomin\"><a href=\"http:\/\/www.palmapalace.com\/wp-content\/uploads\/2015\/02\/IMG_1990.jpg\" class=\"fusion-lightbox\" data-rel=\"iLightbox[90b09228c70e7802baa]\" data-title=\"church\"> <img loading=\"lazy\" decoding=\"async\" alt=\"church\" src=\"http:\/\/www.palmapalace.com\/wp-content\/uploads\/2015\/02\/IMG_1990-1024x768.jpg\" width=\"1024\" height=\"768\"class=\"img-responsive wp-image-2559\" srcset=\"https:\/\/www.palmapalace.com\/wp-content\/uploads\/2015\/02\/IMG_1990-120x90.jpg 120w, https:\/\/www.palmapalace.com\/wp-content\/uploads\/2015\/02\/IMG_1990-300x225.jpg 300w, https:\/\/www.palmapalace.com\/wp-content\/uploads\/2015\/02\/IMG_1990-500x375.jpg 500w, https:\/\/www.palmapalace.com\/wp-content\/uploads\/2015\/02\/IMG_1990-768x576.jpg 768w, https:\/\/www.palmapalace.com\/wp-content\/uploads\/2015\/02\/IMG_1990-1024x768.jpg 1024w, https:\/\/www.palmapalace.com\/wp-content\/uploads\/2015\/02\/IMG_1990.jpg 4000w\" sizes=\"(max-width: 1024px) 100vw, 1024px\" \/><\/a><\/span><div class=\"fusion-clearfix\"><\/div><\/div><\/div><div class=\"fusion-one-half fusion-layout-column fusion-column-last fusion-spacing-yes\" style=\"margin-top:0px;margin-bottom:20px;\"><div class=\"fusion-column-wrapper\"><span style=\"-moz-box-shadow: 2px 3px 7px rgba(0,0,0,.3);-webkit-box-shadow: 2px 3px 7px rgba(0,0,0,.3);box-shadow: 2px 3px 7px rgba(0,0,0,.3);\" class=\"fusion-imageframe imageframe-dropshadow imageframe-4 hover-type-zoomin\"><a href=\"http:\/\/www.palmapalace.com\/wp-content\/uploads\/2016\/05\/sliderhomepace.jpg\" class=\"fusion-lightbox\" data-rel=\"iLightbox[fc7a1d1093041ff13e1]\" data-title=\"sliderhomepalace\"> <img loading=\"lazy\" decoding=\"async\" alt=\"sliderhomepalace\" src=\"http:\/\/www.palmapalace.com\/wp-content\/uploads\/2016\/05\/sliderhomepace.jpg\" width=\"4000\" height=\"3000\"class=\"img-responsive wp-image-2246\" srcset=\"https:\/\/www.palmapalace.com\/wp-content\/uploads\/2016\/05\/sliderhomepace-120x90.jpg 120w, https:\/\/www.palmapalace.com\/wp-content\/uploads\/2016\/05\/sliderhomepace-300x225.jpg 300w, https:\/\/www.palmapalace.com\/wp-content\/uploads\/2016\/05\/sliderhomepace-500x375.jpg 500w, https:\/\/www.palmapalace.com\/wp-content\/uploads\/2016\/05\/sliderhomepace-768x576.jpg 768w, https:\/\/www.palmapalace.com\/wp-content\/uploads\/2016\/05\/sliderhomepace-1024x768.jpg 1024w, https:\/\/www.palmapalace.com\/wp-content\/uploads\/2016\/05\/sliderhomepace.jpg 4000w\" sizes=\"(max-width: 4000px) 100vw, 4000px\" \/><\/a><\/span><div class=\"fusion-clearfix\"><\/div><\/div><\/div><div class=\"fusion-clearfix\"><\/div><\/div><\/div>\n","protected":false},"excerpt":{"rendered":"","protected":false},"author":1,"featured_media":0,"parent":0,"menu_order":6,"comment_status":"open","ping_status":"closed","template":"100-width.php","meta":{"footnotes":""},"_links":{"self":[{"href":"https:\/\/www.palmapalace.com\/pt-pt\/wp-json\/wp\/v2\/pages\/2311"}],"collection":[{"href":"https:\/\/www.palmapalace.com\/pt-pt\/wp-json\/wp\/v2\/pages"}],"about":[{"href":"https:\/\/www.palmapalace.com\/pt-pt\/wp-json\/wp\/v2\/types\/page"}],"author":[{"embeddable":true,"href":"https:\/\/www.palmapalace.com\/pt-pt\/wp-json\/wp\/v2\/users\/1"}],"replies":[{"embeddable":true,"href":"https:\/\/www.palmapalace.com\/pt-pt\/wp-json\/wp\/v2\/comments?post=2311"}],"version-history":[{"count":12,"href":"https:\/\/www.palmapalace.com\/pt-pt\/wp-json\/wp\/v2\/pages\/2311\/revisions"}],"predecessor-version":[{"id":3808,"href":"https:\/\/www.palmapalace.com\/pt-pt\/wp-json\/wp\/v2\/pages\/2311\/revisions\/3808"}],"wp:attachment":[{"href":"https:\/\/www.palmapalace.com\/pt-pt\/wp-json\/wp\/v2\/media?parent=2311"}],"curies":[{"name":"wp","href":"https:\/\/api.w.org\/{rel}","templated":true}]}}