{"id":2312,"date":"2016-05-24T14:08:12","date_gmt":"2016-05-24T14:08:12","guid":{"rendered":"http:\/\/www.palmapalace.com\/pt-pt\/?page_id=2312"},"modified":"2017-01-13T11:05:52","modified_gmt":"2017-01-13T11:05:52","slug":"contacte-nos","status":"publish","type":"page","link":"https:\/\/www.palmapalace.com\/pt-pt\/contacte-nos\/","title":{"rendered":"Contacte-nos"},"content":{"rendered":"<div class=\"fusion-fullwidth fullwidth-box fusion-fullwidth-1  fusion-parallax-none nonhundred-percent-fullwidth\" style=\"border-color:#eae9e9;border-bottom-width: 0px;border-top-width: 0px;border-bottom-style: solid;border-top-style: solid;padding-bottom:40px;padding-top:0px;padding-left:0px;padding-right:0px;background-color:rgba(255,255,255,0);\"><style type=\"text\/css\" scoped=\"scoped\">.fusion-fullwidth-1 {\n                            padding-left: 0px !important;\n                            padding-right: 0px !important;\n                        }<\/style><div class=\"fusion-row\"><div class=\"fusion-flip-boxes flip-boxes row fusion-columns-2\"><div class=\"fusion-flip-box-wrapper fusion-column col-lg-6 col-md-6 col-sm-6\"><div class=\"fusion-flip-box\"><div class=\"flip-box-inner-wrapper\"><div class=\"flip-box-front\" style=\"background-color:#ffffff;border-color:rgba(255,255,255,0);border-radius:4px;border-style:solid;border-width:1px;color:#747474;\"><div class=\"flip-box-front-inner\"><div class=\"flip-box-grafix flip-box-no-circle\"><i class=\"fa fa-map-marker\" style=\"color:#cbaa5c;\"><\/i><\/div><h2 class=\"flip-box-heading\" style=\"color:#333333;\">Esta \u00e9 a nossa morada<\/h2>Esta \u00e9 a nossa morada postal e onde estamos<\/div><\/div><div class=\"flip-box-back\" style=\"background-color:#cbaa5c;border-color:rgba(255,255,255,0);border-radius:4px;border-style:solid;border-width:1px;color:#ffffff;\"><div class=\"flip-box-back-inner\"><h3 class=\"flip-box-heading-back\" style=\"color:#eeeded;\">Esta \u00e9 a nossa morada<\/h3>Pal\u00e1cio Velho de Palma, Bric 3329 Palma, 7580-325 Alc\u00e1cer do Sal<br \/>\n<div class=\"fusion-button-wrapper\"><style type=\"text\/css\" scoped=\"scoped\">.fusion-button.button-1 .fusion-button-text, .fusion-button.button-1 i {color:#171717;}.fusion-button.button-1 {border-width:0px;border-color:#171717;}.fusion-button.button-1 .fusion-button-icon-divider{border-color:#171717;}.fusion-button.button-1:hover .fusion-button-text, .fusion-button.button-1:hover i,.fusion-button.button-1:focus .fusion-button-text, .fusion-button.button-1:focus i,.fusion-button.button-1:active .fusion-button-text, .fusion-button.button-1:active{color:#171717;}.fusion-button.button-1:hover, .fusion-button.button-1:focus, .fusion-button.button-1:active{border-width:0px;border-color:#171717;}.fusion-button.button-1:hover .fusion-button-icon-divider, .fusion-button.button-1:hover .fusion-button-icon-divider, .fusion-button.button-1:active .fusion-button-icon-divider{border-color:#171717;}.fusion-button.button-1{background: rgba(255,255,255,.25);}.fusion-button.button-1:hover,.button-1:focus,.fusion-button.button-1:active{background: rgba(255,255,255,.45);}.fusion-button.button-1{width:auto;}<\/style><a class=\"fusion-button button-flat button-square button-large button-custom button-1\" target=\"_self\" href=\"http:\/\/www.palmapalace.com\/contact\/#seeonmap\"><span class=\"fusion-button-text\">Veja no mapa<\/span><\/a><\/div><\/div><\/div><\/div><\/div><\/div><div class=\"fusion-flip-box-wrapper fusion-column col-lg-6 col-md-6 col-sm-6\"><div class=\"fusion-flip-box\"><div class=\"flip-box-inner-wrapper\"><div class=\"flip-box-front\" style=\"background-color:#ffffff;border-color:rgba(255,255,255,0);border-radius:4px;border-style:solid;border-width:1px;color:#747474;\"><div class=\"flip-box-front-inner\"><div class=\"flip-box-grafix flip-box-no-circle\"><i class=\"fa fa-envelope-o\" style=\"color:#cbaa5c;\"><\/i><\/div><h2 class=\"flip-box-heading\" style=\"color:#333333;\">Envie-nos um Email<\/h2>Mande-nos um email com as suas informa\u00e7\u00f5es, quest\u00f5es e d\u00favidas.<\/div><\/div><div class=\"flip-box-back\" style=\"background-color:#cbaa5c;border-color:rgba(255,255,255,0);border-radius:4px;border-style:solid;border-width:1px;color:#ffffff;\"><div class=\"flip-box-back-inner\"><h3 class=\"flip-box-heading-back\" style=\"color:#eeeded;\">RESERVAS@PALMAPALACE.COM<\/h3>Contacte-nos hoje!<br \/>\n<div class=\"fusion-button-wrapper\"><style type=\"text\/css\" scoped=\"scoped\">.fusion-button.button-2 .fusion-button-text, .fusion-button.button-2 i {color:#171717;}.fusion-button.button-2 {border-width:0px;border-color:#171717;}.fusion-button.button-2 .fusion-button-icon-divider{border-color:#171717;}.fusion-button.button-2:hover .fusion-button-text, .fusion-button.button-2:hover i,.fusion-button.button-2:focus .fusion-button-text, .fusion-button.button-2:focus i,.fusion-button.button-2:active .fusion-button-text, .fusion-button.button-2:active{color:#171717;}.fusion-button.button-2:hover, .fusion-button.button-2:focus, .fusion-button.button-2:active{border-width:0px;border-color:#171717;}.fusion-button.button-2:hover .fusion-button-icon-divider, .fusion-button.button-2:hover .fusion-button-icon-divider, .fusion-button.button-2:active .fusion-button-icon-divider{border-color:#171717;}.fusion-button.button-2{background: rgba(255,255,255,.25);}.fusion-button.button-2:hover,.button-2:focus,.fusion-button.button-2:active{background: rgba(255,255,255,.45);}.fusion-button.button-2{width:auto;}<\/style><a class=\"fusion-button button-flat button-square button-large button-custom button-2\" target=\"_self\" href=\"http:\/\/www.palmapalace.com\/contact\/#contactform\"><span class=\"fusion-button-text\">Send An Email<\/span><\/a><\/div><\/div><\/div><\/div><\/div><\/div><\/div><div class=\"fusion-clearfix\"><\/div><\/div><\/div><div class=\"fusion-fullwidth fullwidth-box fusion-fullwidth-2  fusion-parallax-none nonhundred-percent-fullwidth\" style=\"border-color:#eae9e9;border-bottom-width: 0px;border-top-width: 0px;border-bottom-style: solid;border-top-style: solid;padding-bottom:20px;padding-top:20px;padding-left:;padding-right:;background-color:rgba(255,255,255,0);\"><style type=\"text\/css\" scoped=\"scoped\">.fusion-fullwidth-2 {\n                            padding-left: px !important;\n                            padding-right: px !important;\n                        }<\/style><div class=\"fusion-row\"><div class=\"fusion-title title fusion-title-center fusion-title-size-one\" style=\"margin-top:0px;margin-bottom:50px;\"><div class=\"title-sep-container title-sep-container-left\"><div class=\"title-sep sep-single\"><\/div><\/div><h1 class=\"title-heading-center\">Preencha o formul\u00e1rio em baixo para entrar em contacto connosco<\/h1><div class=\"title-sep-container title-sep-container-right\"><div class=\"title-sep sep-single\"><\/div><\/div><\/div><div class=\"fusion-menu-anchor\" id=\"contactform\"><\/div><div class=\"fusion-one-third fusion-layout-column fusion-spacing-yes\" style=\"margin-top:0px;margin-bottom:20px;\"><div class=\"fusion-column-wrapper\"><div class=\"fusion-clearfix\"><\/div><\/div><\/div><div class=\"fusion-one-third fusion-layout-column fusion-spacing-yes\" style=\"margin-top:0px;margin-bottom:20px;\"><div class=\"fusion-column-wrapper\"><div role=\"form\" class=\"wpcf7\" id=\"wpcf7-f2993-o1\" lang=\"pt-PT\" dir=\"ltr\">\n<div class=\"screen-reader-response\"><\/div>\n<form action=\"\/pt-pt\/wp-json\/wp\/v2\/pages\/2312#wpcf7-f2993-o1\" method=\"post\" class=\"wpcf7-form\" novalidate=\"novalidate\">\n<div style=\"display: none;\">\n<input type=\"hidden\" name=\"_wpcf7\" value=\"2993\" \/>\n<input type=\"hidden\" name=\"_wpcf7_version\" value=\"4.5\" \/>\n<input type=\"hidden\" name=\"_wpcf7_locale\" value=\"pt_PT\" \/>\n<input type=\"hidden\" name=\"_wpcf7_unit_tag\" value=\"wpcf7-f2993-o1\" \/>\n<input type=\"hidden\" name=\"_wpnonce\" value=\"2a63cd6a93\" \/>\n<\/div>\n<p>Nome (obrigat\u00f3rio)<br \/>\n    <span class=\"wpcf7-form-control-wrap your-name\"><input type=\"text\" name=\"your-name\" value=\"\" size=\"40\" class=\"wpcf7-form-control wpcf7-text wpcf7-validates-as-required\" aria-required=\"true\" aria-invalid=\"false\" \/><\/span> <\/p>\n<p>Email (obrigat\u00f3rio)<br \/>\n    <span class=\"wpcf7-form-control-wrap your-email\"><input type=\"email\" name=\"your-email\" value=\"\" size=\"40\" class=\"wpcf7-form-control wpcf7-text wpcf7-email wpcf7-validates-as-required wpcf7-validates-as-email\" aria-required=\"true\" aria-invalid=\"false\" \/><\/span> <\/p>\n<p>Assunto<br \/>\n    <span class=\"wpcf7-form-control-wrap your-subject\"><input type=\"text\" name=\"your-subject\" value=\"\" size=\"40\" class=\"wpcf7-form-control wpcf7-text\" aria-invalid=\"false\" \/><\/span> <\/p>\n<p>Messagem<br \/>\n    <span class=\"wpcf7-form-control-wrap your-message\"><textarea name=\"your-message\" cols=\"40\" rows=\"10\" class=\"wpcf7-form-control wpcf7-textarea\" aria-invalid=\"false\"><\/textarea><\/span> <\/p>\n<div class=\"wpcf7-form-control-wrap\"><div data-sitekey=\"6LfMLksUAAAAAFz_hN1XDJA01qHX-OVwS7_UJSqm\" class=\"wpcf7-form-control g-recaptcha wpcf7-recaptcha\"><\/div>\n<noscript>\n\t<div style=\"width: 302px; height: 422px;\">\n\t\t<div style=\"width: 302px; height: 422px; position: relative;\">\n\t\t\t<div style=\"width: 302px; height: 422px; position: absolute;\">\n\t\t\t\t<iframe src=\"https:\/\/www.google.com\/recaptcha\/api\/fallback?k=6LfMLksUAAAAAFz_hN1XDJA01qHX-OVwS7_UJSqm\" frameborder=\"0\" scrolling=\"no\" style=\"width: 302px; height:422px; border-style: none;\">\n\t\t\t\t<\/iframe>\n\t\t\t<\/div>\n\t\t\t<div style=\"width: 300px; height: 60px; border-style: none; bottom: 12px; left: 25px; margin: 0px; padding: 0px; right: 25px; background: #f9f9f9; border: 1px solid #c1c1c1; border-radius: 3px;\">\n\t\t\t\t<textarea id=\"g-recaptcha-response\" name=\"g-recaptcha-response\" class=\"g-recaptcha-response\" style=\"width: 250px; height: 40px; border: 1px solid #c1c1c1; margin: 10px 25px; padding: 0px; resize: none;\">\n\t\t\t\t<\/textarea>\n\t\t\t<\/div>\n\t\t<\/div>\n\t<\/div>\n<\/noscript>\n<\/div>\n<p><br><\/p>\n<p><input type=\"submit\" value=\"Enviar\" class=\"wpcf7-form-control wpcf7-submit\" \/><\/p>\n<input type='hidden' class='wpcf7-pum' value='{\"closepopup\":false,\"closedelay\":0,\"openpopup\":false,\"openpopup_id\":0}' \/><div class=\"wpcf7-response-output wpcf7-display-none\"><\/div><\/form><\/div>\n<div class=\"fusion-clearfix\"><\/div><\/div><\/div><div class=\"fusion-one-third fusion-layout-column fusion-column-last fusion-spacing-yes\" style=\"margin-top:0px;margin-bottom:20px;\"><div class=\"fusion-column-wrapper\"><div class=\"fusion-clearfix\"><\/div><\/div><\/div><div class=\"fusion-clearfix\"><\/div><\/div><\/div><div class=\"fusion-menu-anchor\" id=\"seeonmap\"><\/div><div class=\"fusion-fullwidth fullwidth-box fusion-fullwidth-3  fusion-parallax-none hundred-percent-fullwidth\" style=\"border-color:#eae9e9;border-bottom-width: 0px;border-top-width: 0px;border-bottom-style: solid;border-top-style: solid;padding-bottom:0px;padding-top:0px;padding-left:0px;padding-right:0px;background-color:rgba(255,255,255,0);\"><style type=\"text\/css\" scoped=\"scoped\">.fusion-fullwidth-3, .fusion-fullwidth-3.fusion-section-separator {\n                        padding-left: 0px !important;\n                        padding-right: 0px !important;\n                    }@media only screen and (max-width: 1170px) {}<\/style><div class=\"fusion-row\"><div class=\"wpgmp_map_container\" rel=\"map2\"><div class=\"wpgmp_map\" style=\"width:px; height:400px;\" id=\"map2\" ><\/div><\/div><script>\n  jQuery(document).ready(function($) {\n\n    var map = $(\"#map2\").maps({\"places\":[{\"id\":\"4\",\"title\":\"Pal\\u00e1cio de Palma\",\"address\":\"Pal\\u00e1cio de Palma\",\"content\":\"Pal\\u00e1cio de Palma<br\\\/> <a href=\\\"https:\\\/\\\/www.google.pt\\\/maps\\\/dir\\\/\\\/38.4813302,-8.5975487\\\/@38.4813344,-8.5997374,17z\\\/data=!4m8!1m7!3m6!1s0x0:0x0!2zMzjCsDI4JzUyLjgiTiA4wrAzNSc1MS4yIlc!3b1!8m2!3d38.4813302!4d-8.5975487\\\" target=_blank>Receba Dire\\u00e7\\u00f5es<\\\/a>\",\"location\":{\"icon\":null,\"lat\":\"38.4813302\",\"lng\":\"-8.5975487\",\"city\":\"\",\"state\":\"\",\"country\":\"\",\"redirect_url\":\"marker\",\"redirect_custom_link\":\"\",\"open_new_tab\":\"yes\",\"postal_code\":\"\",\"draggable\":false,\"infowindow_default_open\":\"\",\"animation\":\"BOUNCE\",\"infowindow_disable\":false,\"zoom\":5},\"categories\":[{\"id\":null,\"name\":null,\"type\":\"category\",\"icon\":null}]},{\"id\":\"5\",\"title\":\"Casa da Pesca\",\"address\":\"Pal\\u00e1cio de Palma\",\"content\":\"Casa da Pesca<br\\\/> <a href=\\\"https:\\\/\\\/www.google.pt\\\/maps\\\/dir\\\/\\\/38.519388,-8.555243\\\/@38.5193922,-8.5574317,17z\\\/data=!4m8!1m7!3m6!1s0x0:0x0!2zMzjCsDMxJzA5LjgiTiA4wrAzMycxOC45Ilc!3b1!8m2!3d38.519388!4d-8.555243\\\" target=_blank>Receba Dire\\u00e7\\u00f5es<\\\/a>\",\"location\":{\"icon\":null,\"lat\":\"38.519388\",\"lng\":\"-8.555243\",\"city\":\"\",\"state\":\"\",\"country\":\"\",\"redirect_url\":\"marker\",\"redirect_custom_link\":\"\",\"open_new_tab\":\"yes\",\"postal_code\":\"\",\"draggable\":false,\"infowindow_default_open\":\"\",\"animation\":\"BOUNCE\",\"infowindow_disable\":false,\"zoom\":5},\"categories\":[{\"id\":null,\"name\":null,\"type\":\"category\",\"icon\":null}]},{\"id\":\"6\",\"title\":\"Casa do Monte\",\"address\":\"Pal\\u00e1cio de Palma\",\"content\":\"Casa do Monte<br\\\/> <a href=\\\"https:\\\/\\\/www.google.pt\\\/maps\\\/dir\\\/\\\/38.541398,-8.557116\\\/@38.5414022,-8.5593047,17z\\\/data=!4m8!1m7!3m6!1s0x0:0x0!2zMzjCsDMyJzI5LjAiTiA4wrAzMycyNS42Ilc!3b1!8m2!3d38.541398!4d-8.557116\\\" target=_blank>Receba Dire\\u00e7\\u00f5es<\\\/a>\",\"location\":{\"icon\":null,\"lat\":\"38.541398\",\"lng\":\"-8.557116\",\"city\":\"\",\"state\":\"\",\"country\":\"\",\"redirect_url\":\"marker\",\"redirect_custom_link\":\"\",\"open_new_tab\":\"yes\",\"postal_code\":\"\",\"draggable\":false,\"infowindow_default_open\":\"\",\"animation\":\"BOUNCE\",\"infowindow_disable\":false,\"zoom\":5},\"categories\":[{\"id\":null,\"name\":null,\"type\":\"category\",\"icon\":null}]}],\"map_options\":{\"center_lat\":\"38.519119\",\"center_lng\":\"-8.555543\",\"zoom\":12,\"map_type_id\":\"ROADMAP\",\"draggable\":true,\"scroll_wheel\":\"false\",\"display_45_imagery\":\"\",\"marker_default_icon\":\"\",\"infowindow_setting\":null,\"default_infowindow_open\":false,\"infowindow_open_event\":\"click\",\"pan_control\":true,\"zoom_control\":true,\"map_type_control\":true,\"scale_control\":true,\"street_view_control\":true,\"overview_map_control\":true,\"pan_control_position\":\"TOP_LEFT\",\"zoom_control_position\":\"TOP_LEFT\",\"zoom_control_style\":\"LARGE\",\"map_type_control_position\":\"TOP_RIGHT\",\"map_type_control_style\":\"HORIZONTAL_BAR\",\"street_view_control_position\":\"TOP_LEFT\",\"width\":\"\",\"height\":\"400\"},\"map_property\":{\"map_id\":\"2\"}}).data(\"wpgmp_maps\");\n\n  });\n  <\/script>\n<\/div><\/div>\n","protected":false},"excerpt":{"rendered":"","protected":false},"author":1,"featured_media":0,"parent":0,"menu_order":6,"comment_status":"open","ping_status":"closed","template":"100-width.php","meta":{"footnotes":""},"_links":{"self":[{"href":"https:\/\/www.palmapalace.com\/pt-pt\/wp-json\/wp\/v2\/pages\/2312"}],"collection":[{"href":"https:\/\/www.palmapalace.com\/pt-pt\/wp-json\/wp\/v2\/pages"}],"about":[{"href":"https:\/\/www.palmapalace.com\/pt-pt\/wp-json\/wp\/v2\/types\/page"}],"author":[{"embeddable":true,"href":"https:\/\/www.palmapalace.com\/pt-pt\/wp-json\/wp\/v2\/users\/1"}],"replies":[{"embeddable":true,"href":"https:\/\/www.palmapalace.com\/pt-pt\/wp-json\/wp\/v2\/comments?post=2312"}],"version-history":[{"count":16,"href":"https:\/\/www.palmapalace.com\/pt-pt\/wp-json\/wp\/v2\/pages\/2312\/revisions"}],"predecessor-version":[{"id":3794,"href":"https:\/\/www.palmapalace.com\/pt-pt\/wp-json\/wp\/v2\/pages\/2312\/revisions\/3794"}],"wp:attachment":[{"href":"https:\/\/www.palmapalace.com\/pt-pt\/wp-json\/wp\/v2\/media?parent=2312"}],"curies":[{"name":"wp","href":"https:\/\/api.w.org\/{rel}","templated":true}]}}