{"id":2347,"date":"2016-05-24T14:56:41","date_gmt":"2016-05-24T14:56:41","guid":{"rendered":"http:\/\/www.palmapalace.com\/pt-pt\/?page_id=2347"},"modified":"2017-01-13T12:55:09","modified_gmt":"2017-01-13T12:55:09","slug":"pescar","status":"publish","type":"page","link":"https:\/\/www.palmapalace.com\/pt-pt\/actividades\/pescar\/","title":{"rendered":"Pescar"},"content":{"rendered":"<div class=\"fusion-fullwidth fullwidth-box fusion-fullwidth-1  fusion-parallax-none nonhundred-percent-fullwidth\" style=\"border-color:#eae9e9;border-bottom-width: 0px;border-top-width: 0px;border-bottom-style: solid;border-top-style: solid;padding-bottom:60px;padding-top:0px;padding-left:0px;padding-right:0px;background-color:rgba(255,255,255,0);\"><style type=\"text\/css\" scoped=\"scoped\">.fusion-fullwidth-1 {\n                            padding-left: 0px !important;\n                            padding-right: 0px !important;\n                        }<\/style><div class=\"fusion-row\"><div class=\"fusion-one-half fusion-layout-column fusion-spacing-yes\" style=\"margin-top:0px;margin-bottom:20px;\"><div class=\"fusion-column-wrapper\"><div class=\"fusion-sep-clear\"><\/div><div class=\"fusion-separator fusion-full-width-sep sep-none\" style=\"border-color:#e0dede;margin-left: auto;margin-right: auto;margin-top:40px;margin-bottom:20px;\"><\/div><p style=\"letter-spacing: 4px; font-size: 13px; text-align: center; margin-bottom: 0px;\">Desfrute de um ambiente calmo e tranquilizante para<\/p>\n<h1 style=\"text-align: center;\">Pescar<\/h1>\n<div class=\"fusion-sep-clear\"><\/div><div class=\"fusion-separator sep-single\" style=\"border-color:#cbaa5c;border-top-width:1px;margin-left: auto;margin-right: auto;margin-top:0px;margin-bottom:20px;width:100%;max-width:50px;\"><\/div><p style=\"padding: 0px 50px; text-align: center;\">Aproveite as nossas \u00e1guas calmas e fazer alguma pesca.<\/p>\n<div class=\"fusion-clearfix\"><\/div><\/div><\/div><div class=\"fusion-one-half fusion-layout-column fusion-column-last fusion-spacing-yes\" style=\"margin-top:0px;margin-bottom:20px;\"><div class=\"fusion-column-wrapper\" style=\"background-color:#ffffff;border:1px solid #ebeef1;padding:40px;\"><div class=\"imageframe-align-center\"><div class=\"imageframe-liftup\"><span style=\"border:13px solid #ffffff;-moz-box-shadow: 2px 3px 7px rgba(0,0,0,.3);-webkit-box-shadow: 2px 3px 7px rgba(0,0,0,.3);box-shadow: 2px 3px 7px rgba(0,0,0,.3);\" class=\"fusion-imageframe imageframe-dropshadow imageframe-1\"><a href=\"http:\/\/www.palmapalace.com\/wp-content\/uploads\/2016\/05\/barragem.jpg\" class=\"fusion-lightbox\" data-rel=\"iLightbox[ae62579651b4f1028ee]\" data-title=\"barragem\"> <img loading=\"lazy\" decoding=\"async\" src=\"http:\/\/www.palmapalace.com\/wp-content\/uploads\/2016\/05\/barragem.jpg\" alt=\"Pescar\" width=\"4000\" height=\"3000\"class=\"img-responsive wp-image-2235\" srcset=\"https:\/\/www.palmapalace.com\/wp-content\/uploads\/2016\/05\/barragem-120x90.jpg 120w, https:\/\/www.palmapalace.com\/wp-content\/uploads\/2016\/05\/barragem-300x225.jpg 300w, https:\/\/www.palmapalace.com\/wp-content\/uploads\/2016\/05\/barragem-500x375.jpg 500w, https:\/\/www.palmapalace.com\/wp-content\/uploads\/2016\/05\/barragem-768x576.jpg 768w, https:\/\/www.palmapalace.com\/wp-content\/uploads\/2016\/05\/barragem-1024x768.jpg 1024w, https:\/\/www.palmapalace.com\/wp-content\/uploads\/2016\/05\/barragem.jpg 4000w\" sizes=\"(max-width: 4000px) 100vw, 4000px\" \/><\/a><\/span><\/div><\/div><div class=\"fusion-clearfix\"><\/div><\/div><\/div><div class=\"fusion-clearfix\"><\/div><\/div><\/div><div class=\"fusion-sep-clear\"><\/div><div class=\"fusion-separator sep-single\" style=\"border-color:#cbaa5c;border-top-width:1px;margin-left: auto;margin-right: auto;margin-top:0px;margin-bottom:70px;width:100%;max-width:80%;\"><\/div><div class=\"fusion-fullwidth fullwidth-box fusion-fullwidth-2  fusion-parallax-none nonhundred-percent-fullwidth\" style=\"border-color:#eae9e9;border-bottom-width: 0px;border-top-width: 0px;border-bottom-style: solid;border-top-style: solid;padding-bottom:60px;padding-top:0px;padding-left:0px;padding-right:0px;background-color:rgba(255,255,255,0);\"><style type=\"text\/css\" scoped=\"scoped\">.fusion-fullwidth-2 {\n                            padding-left: 0px !important;\n                            padding-right: 0px !important;\n                        }<\/style><div class=\"fusion-row\"><div class=\"fusion-one-half fusion-layout-column fusion-spacing-yes\" style=\"margin-top:0px;margin-bottom:20px;\"><div class=\"fusion-column-wrapper\" style=\"background-color:#ffffff;border:1px solid #ebeef1;padding:40px;\"><div class=\"imageframe-align-center\"><div class=\"imageframe-liftup\"><span style=\"border:13px solid #ffffff;-moz-box-shadow: 2px 3px 7px rgba(0,0,0,.3);-webkit-box-shadow: 2px 3px 7px rgba(0,0,0,.3);box-shadow: 2px 3px 7px rgba(0,0,0,.3);\" class=\"fusion-imageframe imageframe-dropshadow imageframe-2\"><a href=\"http:\/\/www.palmapalace.com\/wp-content\/uploads\/2016\/05\/flowers.jpg\" class=\"fusion-lightbox\" data-rel=\"iLightbox[7ecc99336c7c9e0fd7e]\" data-title=\"flowers\"> <img loading=\"lazy\" decoding=\"async\" src=\"http:\/\/www.palmapalace.com\/wp-content\/uploads\/2016\/05\/flowers.jpg\" alt=\"flowers\" width=\"2000\" height=\"1500\"class=\"img-responsive wp-image-2979\" srcset=\"https:\/\/www.palmapalace.com\/wp-content\/uploads\/2016\/05\/flowers-120x90.jpg 120w, https:\/\/www.palmapalace.com\/wp-content\/uploads\/2016\/05\/flowers-300x225.jpg 300w, https:\/\/www.palmapalace.com\/wp-content\/uploads\/2016\/05\/flowers-500x375.jpg 500w, https:\/\/www.palmapalace.com\/wp-content\/uploads\/2016\/05\/flowers-768x576.jpg 768w, https:\/\/www.palmapalace.com\/wp-content\/uploads\/2016\/05\/flowers-1024x768.jpg 1024w, https:\/\/www.palmapalace.com\/wp-content\/uploads\/2016\/05\/flowers.jpg 2000w\" sizes=\"(max-width: 2000px) 100vw, 2000px\" \/><\/a><\/span><\/div><\/div><div class=\"fusion-clearfix\"><\/div><\/div><\/div><div class=\"fusion-one-half fusion-layout-column fusion-column-last fusion-spacing-yes\" style=\"margin-top:0px;margin-bottom:20px;\"><div class=\"fusion-column-wrapper\"><div class=\"fusion-sep-clear\"><\/div><div class=\"fusion-separator fusion-full-width-sep sep-none\" style=\"border-color:#e0dede;margin-left: auto;margin-right: auto;margin-top:40px;margin-bottom:20px;\"><\/div><p style=\"letter-spacing: 4px; font-size: 13px; text-align: center; margin-bottom: 0px;\">Pescar<\/p>\n<h1 style=\"text-align: center;\">Achig\u00e3 e Peixe do Rio<\/h1>\n<div id=\"tw-target-text-container\" class=\"tw-ta-container tw-nfl\"><\/div>\n<div class=\"fusion-sep-clear\"><\/div><div class=\"fusion-separator sep-single\" style=\"border-color:#cbaa5c;border-top-width:1px;margin-left: auto;margin-right: auto;margin-top:0px;margin-bottom:20px;width:100%;max-width:50px;\"><\/div><p style=\"padding: 0px 50px; text-align: center;\">Nas nossas 4 grandes barragens e 2 barragens menores, temos o Achig\u00e3, Carpa e Lagostim.<\/p>\n<div class=\"fusion-clearfix\"><\/div><\/div><\/div><div class=\"fusion-clearfix\"><\/div><\/div><\/div><div class=\"fusion-sep-clear\"><\/div><div class=\"fusion-separator sep-single\" style=\"border-color:#cbaa5c;border-top-width:1px;margin-left: auto;margin-right: auto;margin-top:0px;margin-bottom:70px;width:100%;max-width:80%;\"><\/div><div class=\"fusion-fullwidth fullwidth-box fusion-fullwidth-3  fusion-parallax-none nonhundred-percent-fullwidth\" style=\"border-color:#eae9e9;border-bottom-width: 0px;border-top-width: 0px;border-bottom-style: solid;border-top-style: solid;padding-bottom:60px;padding-top:0px;padding-left:0px;padding-right:0px;background-color:rgba(255,255,255,0);\"><style type=\"text\/css\" scoped=\"scoped\">.fusion-fullwidth-3 {\n                            padding-left: 0px !important;\n                            padding-right: 0px !important;\n                        }<\/style><div class=\"fusion-row\"><div class=\"fusion-one-half fusion-layout-column fusion-spacing-yes\" style=\"margin-top:0px;margin-bottom:20px;\"><div class=\"fusion-column-wrapper\"><div class=\"fusion-sep-clear\"><\/div><div class=\"fusion-separator fusion-full-width-sep sep-none\" style=\"border-color:#e0dede;margin-left: auto;margin-right: auto;margin-top:40px;margin-bottom:20px;\"><\/div><p style=\"letter-spacing: 4px; font-size: 13px; text-align: center; margin-bottom: 0px;\">Pescar<\/p>\n<h1 style=\"text-align: center;\">Lagostim<\/h1>\n<div class=\"fusion-sep-clear\"><\/div><div class=\"fusion-separator sep-single\" style=\"border-color:#cbaa5c;border-top-width:1px;margin-left: auto;margin-right: auto;margin-top:0px;margin-bottom:20px;width:100%;max-width:50px;\"><\/div><p style=\"padding: 0px 50px; text-align: center;\">Desfrute da tranquilidade da zona rural e fa\u00e7a alguma pesca de captura e liberta\u00e7\u00e3o (excepto lagostas que est\u00e3o autorizados a manter e cozinhar).<\/p>\n<div class=\"fusion-clearfix\"><\/div><\/div><\/div><div class=\"fusion-one-half fusion-layout-column fusion-column-last fusion-spacing-yes\" style=\"margin-top:0px;margin-bottom:20px;\"><div class=\"fusion-column-wrapper\" style=\"background-color:#ffffff;border:1px solid #ebeef1;padding:40px;\"><div class=\"imageframe-align-center\"><div class=\"imageframe-liftup\"><span style=\"border:13px solid #ffffff;-moz-box-shadow: 2px 3px 7px rgba(0,0,0,.3);-webkit-box-shadow: 2px 3px 7px rgba(0,0,0,.3);box-shadow: 2px 3px 7px rgba(0,0,0,.3);\" class=\"fusion-imageframe imageframe-dropshadow imageframe-3\"><a href=\"http:\/\/www.palmapalace.com\/wp-content\/uploads\/2015\/02\/IMG_2105-min.jpg\" class=\"fusion-lightbox\" data-rel=\"iLightbox[344b9d03f83a72e4002]\" data-title=\"pesca\"> <img loading=\"lazy\" decoding=\"async\" src=\"http:\/\/www.palmapalace.com\/wp-content\/uploads\/2015\/02\/IMG_2105-min.jpg\" alt=\"pesca\" width=\"2000\" height=\"1500\"class=\"img-responsive wp-image-3468\" srcset=\"https:\/\/www.palmapalace.com\/wp-content\/uploads\/2015\/02\/IMG_2105-min-200x150.jpg 200w, https:\/\/www.palmapalace.com\/wp-content\/uploads\/2015\/02\/IMG_2105-min-400x300.jpg 400w, https:\/\/www.palmapalace.com\/wp-content\/uploads\/2015\/02\/IMG_2105-min-600x450.jpg 600w, https:\/\/www.palmapalace.com\/wp-content\/uploads\/2015\/02\/IMG_2105-min-800x600.jpg 800w, https:\/\/www.palmapalace.com\/wp-content\/uploads\/2015\/02\/IMG_2105-min-1200x900.jpg 1200w, https:\/\/www.palmapalace.com\/wp-content\/uploads\/2015\/02\/IMG_2105-min.jpg 2000w\" sizes=\"(max-width: 800px) 100vw, 1170px\" \/><\/a><\/span><\/div><\/div><div class=\"fusion-clearfix\"><\/div><\/div><\/div><div class=\"fusion-clearfix\"><\/div><\/div><\/div>\n","protected":false},"excerpt":{"rendered":"","protected":false},"author":1,"featured_media":0,"parent":2306,"menu_order":0,"comment_status":"open","ping_status":"open","template":"100-width.php","meta":{"footnotes":""},"_links":{"self":[{"href":"https:\/\/www.palmapalace.com\/pt-pt\/wp-json\/wp\/v2\/pages\/2347"}],"collection":[{"href":"https:\/\/www.palmapalace.com\/pt-pt\/wp-json\/wp\/v2\/pages"}],"about":[{"href":"https:\/\/www.palmapalace.com\/pt-pt\/wp-json\/wp\/v2\/types\/page"}],"author":[{"embeddable":true,"href":"https:\/\/www.palmapalace.com\/pt-pt\/wp-json\/wp\/v2\/users\/1"}],"replies":[{"embeddable":true,"href":"https:\/\/www.palmapalace.com\/pt-pt\/wp-json\/wp\/v2\/comments?post=2347"}],"version-history":[{"count":17,"href":"https:\/\/www.palmapalace.com\/pt-pt\/wp-json\/wp\/v2\/pages\/2347\/revisions"}],"predecessor-version":[{"id":3840,"href":"https:\/\/www.palmapalace.com\/pt-pt\/wp-json\/wp\/v2\/pages\/2347\/revisions\/3840"}],"up":[{"embeddable":true,"href":"https:\/\/www.palmapalace.com\/pt-pt\/wp-json\/wp\/v2\/pages\/2306"}],"wp:attachment":[{"href":"https:\/\/www.palmapalace.com\/pt-pt\/wp-json\/wp\/v2\/media?parent=2347"}],"curies":[{"name":"wp","href":"https:\/\/api.w.org\/{rel}","templated":true}]}}