{"id":2348,"date":"2016-05-24T14:57:39","date_gmt":"2016-05-24T14:57:39","guid":{"rendered":"http:\/\/www.palmapalace.com\/pt-pt\/?page_id=2348"},"modified":"2016-07-22T13:53:46","modified_gmt":"2016-07-22T13:53:46","slug":"passeios-turisticos","status":"publish","type":"page","link":"https:\/\/www.palmapalace.com\/pt-pt\/actividades\/passeios-turisticos\/","title":{"rendered":"Passeios Tur\u00edsticos"},"content":{"rendered":"<div class=\"fusion-fullwidth fullwidth-box fusion-fullwidth-1  fusion-parallax-none nonhundred-percent-fullwidth\" style=\"border-color:#eae9e9;border-bottom-width: 0px;border-top-width: 0px;border-bottom-style: solid;border-top-style: solid;padding-bottom:60px;padding-top:0px;padding-left:0px;padding-right:0px;background-color:rgba(255,255,255,0);\"><style type=\"text\/css\" scoped=\"scoped\">.fusion-fullwidth-1 {\n                            padding-left: 0px !important;\n                            padding-right: 0px !important;\n                        }<\/style><div class=\"fusion-row\"><div class=\"fusion-one-half fusion-layout-column fusion-spacing-yes\" style=\"margin-top:0px;margin-bottom:20px;\"><div class=\"fusion-column-wrapper\"><div class=\"fusion-sep-clear\"><\/div><div class=\"fusion-separator fusion-full-width-sep sep-none\" style=\"border-color:#e0dede;margin-left: auto;margin-right: auto;margin-top:40px;margin-bottom:20px;\"><\/div><p style=\"letter-spacing: 4px; font-size: 13px; text-align: center; margin-bottom: 0px;\">Desfrute das visitas regionais<\/p>\n<h1 style=\"text-align: center;\">Visitas Guiadas<\/h1>\n<div class=\"fusion-sep-clear\"><\/div><div class=\"fusion-separator sep-single\" style=\"border-color:#cbaa5c;border-top-width:1px;margin-left: auto;margin-right: auto;margin-top:0px;margin-bottom:20px;width:100%;max-width:50px;\"><\/div><p style=\"padding: 0px 50px; text-align: center;\">O Pal\u00e1cio Velho de Palma ir\u00e1 recomendar-lhe excurs\u00f5es para um mundo cheio de interesse, gosto e beleza. Ir\u00e1 encontrar arquitectura romana e arquitectura moura medieval, pratos requintados, vinhos e paisagens de tirar o f\u00f4lego.<\/p>\n<div class=\"fusion-clearfix\"><\/div><\/div><\/div><div class=\"fusion-one-half fusion-layout-column fusion-column-last fusion-spacing-yes\" style=\"margin-top:0px;margin-bottom:20px;\"><div class=\"fusion-column-wrapper\" style=\"background-color:#ffffff;border:1px solid #ebeef1;padding:40px;\"><div class=\"imageframe-align-center\"><div class=\"imageframe-liftup\"><span style=\"border:13px solid #ffffff;-moz-box-shadow: 2px 3px 7px rgba(0,0,0,.3);-webkit-box-shadow: 2px 3px 7px rgba(0,0,0,.3);box-shadow: 2px 3px 7px rgba(0,0,0,.3);\" class=\"fusion-imageframe imageframe-dropshadow imageframe-1\"><a href=\"http:\/\/www.palmapalace.com\/wp-content\/uploads\/2016\/04\/guidedtoursimg1_1500x1125.jpg\" class=\"fusion-lightbox\" data-rel=\"iLightbox[8cd91780ffccc3e0b7b]\" data-title=\"guidedtoursimg1_1500x1125\"> <img loading=\"lazy\" decoding=\"async\" src=\"http:\/\/www.palmapalace.com\/wp-content\/uploads\/2016\/04\/guidedtoursimg1_1500x1125.jpg\" alt=\"Passeios Tur\u00edsticos\" width=\"1500\" height=\"1125\"class=\"img-responsive wp-image-2832\" srcset=\"https:\/\/www.palmapalace.com\/wp-content\/uploads\/2016\/04\/guidedtoursimg1_1500x1125-120x90.jpg 120w, https:\/\/www.palmapalace.com\/wp-content\/uploads\/2016\/04\/guidedtoursimg1_1500x1125-300x225.jpg 300w, https:\/\/www.palmapalace.com\/wp-content\/uploads\/2016\/04\/guidedtoursimg1_1500x1125-500x375.jpg 500w, https:\/\/www.palmapalace.com\/wp-content\/uploads\/2016\/04\/guidedtoursimg1_1500x1125-768x576.jpg 768w, https:\/\/www.palmapalace.com\/wp-content\/uploads\/2016\/04\/guidedtoursimg1_1500x1125-1024x768.jpg 1024w, https:\/\/www.palmapalace.com\/wp-content\/uploads\/2016\/04\/guidedtoursimg1_1500x1125.jpg 1500w\" sizes=\"(max-width: 1500px) 100vw, 1500px\" \/><\/a><\/span><\/div><\/div><div class=\"fusion-clearfix\"><\/div><\/div><\/div><div class=\"fusion-clearfix\"><\/div><\/div><\/div><div class=\"fusion-sep-clear\"><\/div><div class=\"fusion-separator sep-single\" style=\"border-color:#cbaa5c;border-top-width:1px;margin-left: auto;margin-right: auto;margin-top:0px;margin-bottom:70px;width:100%;max-width:80%;\"><\/div><div class=\"fusion-fullwidth fullwidth-box fusion-fullwidth-2  fusion-parallax-none nonhundred-percent-fullwidth\" style=\"border-color:#eae9e9;border-bottom-width: 0px;border-top-width: 0px;border-bottom-style: solid;border-top-style: solid;padding-bottom:60px;padding-top:0px;padding-left:0px;padding-right:0px;background-color:rgba(255,255,255,0);\"><style type=\"text\/css\" scoped=\"scoped\">.fusion-fullwidth-2 {\n                            padding-left: 0px !important;\n                            padding-right: 0px !important;\n                        }<\/style><div class=\"fusion-row\"><div class=\"fusion-one-half fusion-layout-column fusion-spacing-yes\" style=\"margin-top:0px;margin-bottom:20px;\"><div class=\"fusion-column-wrapper\" style=\"background-color:#ffffff;border:1px solid #ebeef1;padding:40px;\"><div class=\"imageframe-align-center\"><div class=\"imageframe-liftup\"><span style=\"border:13px solid #ffffff;-moz-box-shadow: 2px 3px 7px rgba(0,0,0,.3);-webkit-box-shadow: 2px 3px 7px rgba(0,0,0,.3);box-shadow: 2px 3px 7px rgba(0,0,0,.3);\" class=\"fusion-imageframe imageframe-dropshadow imageframe-2\"><a href=\"http:\/\/www.palmapalace.com\/wp-content\/uploads\/2016\/04\/IMG_2245-min.jpg\" class=\"fusion-lightbox\" data-rel=\"iLightbox[26ab8aa10d0f5f6a045]\" data-title=\"outdoor\"> <img loading=\"lazy\" decoding=\"async\" src=\"http:\/\/www.palmapalace.com\/wp-content\/uploads\/2016\/04\/IMG_2245-min.jpg\" alt=\"Passeios Tur\u00edsticos\" width=\"2000\" height=\"1500\"class=\"img-responsive wp-image-3458\" srcset=\"https:\/\/www.palmapalace.com\/wp-content\/uploads\/2016\/04\/IMG_2245-min-200x150.jpg 200w, https:\/\/www.palmapalace.com\/wp-content\/uploads\/2016\/04\/IMG_2245-min-400x300.jpg 400w, https:\/\/www.palmapalace.com\/wp-content\/uploads\/2016\/04\/IMG_2245-min-600x450.jpg 600w, https:\/\/www.palmapalace.com\/wp-content\/uploads\/2016\/04\/IMG_2245-min-800x600.jpg 800w, https:\/\/www.palmapalace.com\/wp-content\/uploads\/2016\/04\/IMG_2245-min-1200x900.jpg 1200w, https:\/\/www.palmapalace.com\/wp-content\/uploads\/2016\/04\/IMG_2245-min.jpg 2000w\" sizes=\"(max-width: 800px) 100vw, 1170px\" \/><\/a><\/span><\/div><\/div><div class=\"fusion-clearfix\"><\/div><\/div><\/div><div class=\"fusion-one-half fusion-layout-column fusion-column-last fusion-spacing-yes\" style=\"margin-top:0px;margin-bottom:20px;\"><div class=\"fusion-column-wrapper\"><div class=\"fusion-sep-clear\"><\/div><div class=\"fusion-separator fusion-full-width-sep sep-none\" style=\"border-color:#e0dede;margin-left: auto;margin-right: auto;margin-top:40px;margin-bottom:20px;\"><\/div><p style=\"letter-spacing: 4px; font-size: 13px; text-align: center; margin-bottom: 0px;\">Visitas regionais<\/p>\n<h1 style=\"text-align: center;\">A p\u00e9 ou de bicicleta<\/h1>\n<div class=\"fusion-sep-clear\"><\/div><div class=\"fusion-separator sep-single\" style=\"border-color:#cbaa5c;border-top-width:1px;margin-left: auto;margin-right: auto;margin-top:0px;margin-bottom:20px;width:100%;max-width:50px;\"><\/div><p style=\"padding: 0px 50px; text-align: center;\">O Pal\u00e1cio Velho de Palma oferece kms e kms de caminhos atrav\u00e9s de uma cativante Natureza. Aproveite e relaxe com ar fresco e os aromas naturais.<\/p>\n<div class=\"fusion-clearfix\"><\/div><\/div><\/div><div class=\"fusion-clearfix\"><\/div><\/div><\/div><div class=\"fusion-fullwidth fullwidth-box fusion-fullwidth-3  fusion-parallax-none nonhundred-percent-fullwidth\" style=\"border-color:#eae9e9;border-bottom-width: 0px;border-top-width: 0px;border-bottom-style: solid;border-top-style: solid;padding-bottom:60px;padding-top:0px;padding-left:0px;padding-right:0px;background-color:rgba(255,255,255,0);\"><style type=\"text\/css\" scoped=\"scoped\">.fusion-fullwidth-3 {\n                            padding-left: 0px !important;\n                            padding-right: 0px !important;\n                        }<\/style><div class=\"fusion-row\"><div class=\"fusion-one-half fusion-layout-column fusion-spacing-yes\" style=\"margin-top:0px;margin-bottom:20px;\"><div class=\"fusion-column-wrapper\"><div class=\"fusion-sep-clear\"><\/div><div class=\"fusion-separator fusion-full-width-sep sep-none\" style=\"border-color:#e0dede;margin-left: auto;margin-right: auto;margin-top:40px;margin-bottom:20px;\"><\/div><p style=\"letter-spacing: 4px; font-size: 13px; text-align: center; margin-bottom: 0px;\">Visitas regionais<\/p>\n<h1 style=\"text-align: center;\">Arqueologia<\/h1>\n<div class=\"fusion-sep-clear\"><\/div><div class=\"fusion-separator sep-single\" style=\"border-color:#cbaa5c;border-top-width:1px;margin-left: auto;margin-right: auto;margin-top:0px;margin-bottom:20px;width:100%;max-width:50px;\"><\/div><p style=\"padding: 0px 50px; text-align: center;\">Vamos orient\u00e1-lo atrav\u00e9s da incr\u00edvel hist\u00f3ria do Pal\u00e1cio Velho de Palma e da murada, antiqu\u00edssima vila de Palma. H\u00e1 um pequeno santu\u00e1rio C\u00e9ltico escondido entre oliveiras, junto \u00e0s hortas de Palma e, para al\u00e9m de in\u00fameras e interessant\u00edssimas ru\u00ednas em Alc\u00e1cer do Sal e Tr\u00f3ia, a 8 kms de dist\u00e2ncia, encontram-se abandonadas ru\u00ednas fen\u00edcias e romanas (fornos de tijolo, piso de tijoleira, paredes de pedra e argamassa) com vista para o deslumbrante estu\u00e1rio do rio Sado, com os seus residentes flamingos cor-de-rosa e golfinhos.<\/p>\n<div class=\"fusion-clearfix\"><\/div><\/div><\/div><div class=\"fusion-one-half fusion-layout-column fusion-column-last fusion-spacing-yes\" style=\"margin-top:0px;margin-bottom:20px;\"><div class=\"fusion-column-wrapper\" style=\"background-color:#ffffff;border:1px solid #ebeef1;padding:40px;\"><div class=\"imageframe-align-center\"><div class=\"imageframe-liftup\"><span style=\"border:13px solid #ffffff;-moz-box-shadow: 2px 3px 7px rgba(0,0,0,.3);-webkit-box-shadow: 2px 3px 7px rgba(0,0,0,.3);box-shadow: 2px 3px 7px rgba(0,0,0,.3);\" class=\"fusion-imageframe imageframe-dropshadow imageframe-3\"><a href=\"http:\/\/www.palmapalace.com\/wp-content\/uploads\/2016\/07\/IMG_2249-min.jpg\" class=\"fusion-lightbox\" data-rel=\"iLightbox[dcbd2174c2062197277]\" data-title=\"fonte\"> <img loading=\"lazy\" decoding=\"async\" src=\"http:\/\/www.palmapalace.com\/wp-content\/uploads\/2016\/07\/IMG_2249-min.jpg\" alt=\"Arqueologia \" width=\"2000\" height=\"1500\"class=\"img-responsive wp-image-3438\" srcset=\"https:\/\/www.palmapalace.com\/wp-content\/uploads\/2016\/07\/IMG_2249-min-200x150.jpg 200w, https:\/\/www.palmapalace.com\/wp-content\/uploads\/2016\/07\/IMG_2249-min-400x300.jpg 400w, https:\/\/www.palmapalace.com\/wp-content\/uploads\/2016\/07\/IMG_2249-min-600x450.jpg 600w, https:\/\/www.palmapalace.com\/wp-content\/uploads\/2016\/07\/IMG_2249-min-800x600.jpg 800w, https:\/\/www.palmapalace.com\/wp-content\/uploads\/2016\/07\/IMG_2249-min-1200x900.jpg 1200w, https:\/\/www.palmapalace.com\/wp-content\/uploads\/2016\/07\/IMG_2249-min.jpg 2000w\" sizes=\"(max-width: 800px) 100vw, 1170px\" \/><\/a><\/span><\/div><\/div><div class=\"fusion-clearfix\"><\/div><\/div><\/div><div class=\"fusion-clearfix\"><\/div><\/div><\/div><div class=\"fusion-sep-clear\"><\/div><div class=\"fusion-separator sep-single\" style=\"border-color:#cbaa5c;border-top-width:1px;margin-left: auto;margin-right: auto;margin-top:0px;margin-bottom:70px;width:100%;max-width:80%;\"><\/div>\n","protected":false},"excerpt":{"rendered":"","protected":false},"author":1,"featured_media":0,"parent":2306,"menu_order":1,"comment_status":"open","ping_status":"open","template":"100-width.php","meta":{"footnotes":""},"_links":{"self":[{"href":"https:\/\/www.palmapalace.com\/pt-pt\/wp-json\/wp\/v2\/pages\/2348"}],"collection":[{"href":"https:\/\/www.palmapalace.com\/pt-pt\/wp-json\/wp\/v2\/pages"}],"about":[{"href":"https:\/\/www.palmapalace.com\/pt-pt\/wp-json\/wp\/v2\/types\/page"}],"author":[{"embeddable":true,"href":"https:\/\/www.palmapalace.com\/pt-pt\/wp-json\/wp\/v2\/users\/1"}],"replies":[{"embeddable":true,"href":"https:\/\/www.palmapalace.com\/pt-pt\/wp-json\/wp\/v2\/comments?post=2348"}],"version-history":[{"count":19,"href":"https:\/\/www.palmapalace.com\/pt-pt\/wp-json\/wp\/v2\/pages\/2348\/revisions"}],"predecessor-version":[{"id":3716,"href":"https:\/\/www.palmapalace.com\/pt-pt\/wp-json\/wp\/v2\/pages\/2348\/revisions\/3716"}],"up":[{"embeddable":true,"href":"https:\/\/www.palmapalace.com\/pt-pt\/wp-json\/wp\/v2\/pages\/2306"}],"wp:attachment":[{"href":"https:\/\/www.palmapalace.com\/pt-pt\/wp-json\/wp\/v2\/media?parent=2348"}],"curies":[{"name":"wp","href":"https:\/\/api.w.org\/{rel}","templated":true}]}}