{"id":2349,"date":"2016-05-24T15:21:38","date_gmt":"2016-05-24T15:21:38","guid":{"rendered":"http:\/\/www.palmapalace.com\/pt-pt\/?page_id=2349"},"modified":"2016-07-22T13:53:46","modified_gmt":"2016-07-22T13:53:46","slug":"observar-aves","status":"publish","type":"page","link":"https:\/\/www.palmapalace.com\/pt-pt\/actividades\/observar-aves\/","title":{"rendered":"Observar aves"},"content":{"rendered":"<div class=\"fusion-fullwidth fullwidth-box fusion-fullwidth-1  fusion-parallax-none nonhundred-percent-fullwidth\" style=\"border-color:#eae9e9;border-bottom-width: 0px;border-top-width: 0px;border-bottom-style: solid;border-top-style: solid;padding-bottom:60px;padding-top:0px;padding-left:0px;padding-right:0px;background-color:rgba(255,255,255,0);\"><style type=\"text\/css\" scoped=\"scoped\">.fusion-fullwidth-1 {\n                            padding-left: 0px !important;\n                            padding-right: 0px !important;\n                        }<\/style><div class=\"fusion-row\"><div class=\"fusion-one-half fusion-layout-column fusion-spacing-yes\" style=\"margin-top:0px;margin-bottom:20px;\"><div class=\"fusion-column-wrapper\"><div class=\"fusion-sep-clear\"><\/div><div class=\"fusion-separator fusion-full-width-sep sep-none\" style=\"border-color:#e0dede;margin-left: auto;margin-right: auto;margin-top:40px;margin-bottom:20px;\"><\/div><p style=\"letter-spacing: 4px; font-size: 13px; text-align: center; margin-bottom: 0px;\">APROVEITE AS NOSSAS ATIVIDADES DE OBSERVAR AVES<\/p>\n<h1 style=\"text-align: center;\">Observar Aves<\/h1>\n<div class=\"fusion-sep-clear\"><\/div><div class=\"fusion-separator sep-single\" style=\"border-color:#cbaa5c;border-top-width:1px;margin-left: auto;margin-right: auto;margin-top:0px;margin-bottom:20px;width:100%;max-width:50px;\"><\/div><p style=\"padding: 0px 50px; text-align: center;\">Entre v\u00e1rias outras actividades, o Pal\u00e1cio Velho de Palma oferece aos seus convidados, a observa\u00e7\u00e3o de aves a partir de uma torre constru\u00edda para o efeito e situada ao lado de uma grande &#8220;pateira&#8221;.<\/p>\n<div class=\"fusion-clearfix\"><\/div><\/div><\/div><div class=\"fusion-one-half fusion-layout-column fusion-column-last fusion-spacing-yes\" style=\"margin-top:0px;margin-bottom:20px;\"><div class=\"fusion-column-wrapper\" style=\"background-color:#ffffff;border:1px solid #ebeef1;padding:40px;\"><div class=\"imageframe-align-center\"><div class=\"imageframe-liftup\"><span style=\"border:13px solid #ffffff;-moz-box-shadow: 2px 3px 7px rgba(0,0,0,.3);-webkit-box-shadow: 2px 3px 7px rgba(0,0,0,.3);box-shadow: 2px 3px 7px rgba(0,0,0,.3);\" class=\"fusion-imageframe imageframe-dropshadow imageframe-1\"><a href=\"http:\/\/www.palmapalace.com\/wp-content\/uploads\/2016\/04\/mirante2.jpg\" class=\"fusion-lightbox\" data-rel=\"iLightbox[f8ce426a0aae72cc56a]\" data-title=\"mirante2\"> <img loading=\"lazy\" decoding=\"async\" src=\"http:\/\/www.palmapalace.com\/wp-content\/uploads\/2016\/04\/mirante2.jpg\" alt=\"Observar Aves\" width=\"2000\" height=\"1500\"class=\"img-responsive wp-image-2826\" srcset=\"https:\/\/www.palmapalace.com\/wp-content\/uploads\/2016\/04\/mirante2-120x90.jpg 120w, https:\/\/www.palmapalace.com\/wp-content\/uploads\/2016\/04\/mirante2-300x225.jpg 300w, https:\/\/www.palmapalace.com\/wp-content\/uploads\/2016\/04\/mirante2-500x375.jpg 500w, https:\/\/www.palmapalace.com\/wp-content\/uploads\/2016\/04\/mirante2-768x576.jpg 768w, https:\/\/www.palmapalace.com\/wp-content\/uploads\/2016\/04\/mirante2-1024x768.jpg 1024w, https:\/\/www.palmapalace.com\/wp-content\/uploads\/2016\/04\/mirante2.jpg 2000w\" sizes=\"(max-width: 2000px) 100vw, 2000px\" \/><\/a><\/span><\/div><\/div><div class=\"fusion-clearfix\"><\/div><\/div><\/div><div class=\"fusion-clearfix\"><\/div><\/div><\/div><div class=\"fusion-sep-clear\"><\/div><div class=\"fusion-separator sep-single\" style=\"border-color:#cbaa5c;border-top-width:1px;margin-left: auto;margin-right: auto;margin-top:0px;margin-bottom:70px;width:100%;max-width:80%;\"><\/div>\n","protected":false},"excerpt":{"rendered":"","protected":false},"author":1,"featured_media":0,"parent":2306,"menu_order":2,"comment_status":"open","ping_status":"open","template":"100-width.php","meta":{"footnotes":""},"_links":{"self":[{"href":"https:\/\/www.palmapalace.com\/pt-pt\/wp-json\/wp\/v2\/pages\/2349"}],"collection":[{"href":"https:\/\/www.palmapalace.com\/pt-pt\/wp-json\/wp\/v2\/pages"}],"about":[{"href":"https:\/\/www.palmapalace.com\/pt-pt\/wp-json\/wp\/v2\/types\/page"}],"author":[{"embeddable":true,"href":"https:\/\/www.palmapalace.com\/pt-pt\/wp-json\/wp\/v2\/users\/1"}],"replies":[{"embeddable":true,"href":"https:\/\/www.palmapalace.com\/pt-pt\/wp-json\/wp\/v2\/comments?post=2349"}],"version-history":[{"count":11,"href":"https:\/\/www.palmapalace.com\/pt-pt\/wp-json\/wp\/v2\/pages\/2349\/revisions"}],"predecessor-version":[{"id":3720,"href":"https:\/\/www.palmapalace.com\/pt-pt\/wp-json\/wp\/v2\/pages\/2349\/revisions\/3720"}],"up":[{"embeddable":true,"href":"https:\/\/www.palmapalace.com\/pt-pt\/wp-json\/wp\/v2\/pages\/2306"}],"wp:attachment":[{"href":"https:\/\/www.palmapalace.com\/pt-pt\/wp-json\/wp\/v2\/media?parent=2349"}],"curies":[{"name":"wp","href":"https:\/\/api.w.org\/{rel}","templated":true}]}}