{"id":2351,"date":"2016-05-24T15:21:54","date_gmt":"2016-05-24T15:21:54","guid":{"rendered":"http:\/\/www.palmapalace.com\/pt-pt\/?page_id=2351"},"modified":"2016-10-17T09:45:32","modified_gmt":"2016-10-17T09:45:32","slug":"observacao-astrologica","status":"publish","type":"page","link":"https:\/\/www.palmapalace.com\/pt-pt\/actividades\/observacao-astrologica\/","title":{"rendered":"Observa\u00e7\u00e3o Astron\u00f3mica"},"content":{"rendered":"<div class=\"fusion-fullwidth fullwidth-box fusion-fullwidth-1  fusion-parallax-none nonhundred-percent-fullwidth\" style=\"border-color:#eae9e9;border-bottom-width: 0px;border-top-width: 0px;border-bottom-style: solid;border-top-style: solid;padding-bottom:60px;padding-top:0px;padding-left:0px;padding-right:0px;background-color:rgba(255,255,255,0);\"><style type=\"text\/css\" scoped=\"scoped\">.fusion-fullwidth-1 {\n                            padding-left: 0px !important;\n                            padding-right: 0px !important;\n                        }<\/style><div class=\"fusion-row\"><div class=\"fusion-one-half fusion-layout-column fusion-spacing-yes\" style=\"margin-top:0px;margin-bottom:20px;\"><div class=\"fusion-column-wrapper\"><div class=\"fusion-sep-clear\"><\/div><div class=\"fusion-separator fusion-full-width-sep sep-none\" style=\"border-color:#e0dede;margin-left: auto;margin-right: auto;margin-top:40px;margin-bottom:20px;\"><\/div><p style=\"letter-spacing: 4px; font-size: 13px; text-align: center; margin-bottom: 0px;\">APROVEITE AS NOSSAS ATIVIDADES DE OBSERVA\u00c7\u00c3O ASTRON\u00d3MICAS<\/p>\n<h1 style=\"text-align: center;\">Observa\u00e7\u00e3o Astron\u00f3mica<\/h1>\n<div class=\"fusion-sep-clear\"><\/div><div class=\"fusion-separator sep-single\" style=\"border-color:#cbaa5c;border-top-width:1px;margin-left: auto;margin-right: auto;margin-top:0px;margin-bottom:20px;width:100%;max-width:50px;\"><\/div><p style=\"padding: 0px 50px; text-align: center;\">O Pal\u00e1cio Velho de Palma oferece v\u00e1rios pontos de observa\u00e7\u00e3o com condi\u00e7\u00f5es perfeitas, aos quais s\u00f3 os nossos convidados t\u00eam acesso.<\/p>\n<div class=\"fusion-clearfix\"><\/div><\/div><\/div><div class=\"fusion-one-half fusion-layout-column fusion-column-last fusion-spacing-yes\" style=\"margin-top:0px;margin-bottom:20px;\"><div class=\"fusion-column-wrapper\" style=\"background-color:#ffffff;border:1px solid #ebeef1;padding:40px;\"><div class=\"imageframe-align-center\"><div class=\"imageframe-liftup\"><span style=\"border:13px solid #ffffff;-moz-box-shadow: 2px 3px 7px rgba(0,0,0,.3);-webkit-box-shadow: 2px 3px 7px rgba(0,0,0,.3);box-shadow: 2px 3px 7px rgba(0,0,0,.3);\" class=\"fusion-imageframe imageframe-dropshadow imageframe-1\"><a href=\"http:\/\/www.palmapalace.com\/wp-content\/uploads\/2016\/05\/IMG_2111.jpg\" class=\"fusion-lightbox\" data-rel=\"iLightbox[fc5459f7c5774889231]\" data-title=\"view\"> <img loading=\"lazy\" decoding=\"async\" src=\"http:\/\/www.palmapalace.com\/wp-content\/uploads\/2016\/05\/IMG_2111.jpg\" alt=\"Astrological Observation\" width=\"4000\" height=\"3000\"class=\"img-responsive wp-image-2673\" srcset=\"https:\/\/www.palmapalace.com\/wp-content\/uploads\/2016\/05\/IMG_2111-120x90.jpg 120w, https:\/\/www.palmapalace.com\/wp-content\/uploads\/2016\/05\/IMG_2111-300x225.jpg 300w, https:\/\/www.palmapalace.com\/wp-content\/uploads\/2016\/05\/IMG_2111-500x375.jpg 500w, https:\/\/www.palmapalace.com\/wp-content\/uploads\/2016\/05\/IMG_2111-768x576.jpg 768w, https:\/\/www.palmapalace.com\/wp-content\/uploads\/2016\/05\/IMG_2111-1024x768.jpg 1024w, https:\/\/www.palmapalace.com\/wp-content\/uploads\/2016\/05\/IMG_2111.jpg 4000w\" sizes=\"(max-width: 4000px) 100vw, 4000px\" \/><\/a><\/span><\/div><\/div><div class=\"fusion-clearfix\"><\/div><\/div><\/div><div class=\"fusion-clearfix\"><\/div><\/div><\/div><div class=\"fusion-sep-clear\"><\/div><div class=\"fusion-separator sep-single\" style=\"border-color:#cbaa5c;border-top-width:1px;margin-left: auto;margin-right: auto;margin-top:0px;margin-bottom:70px;width:100%;max-width:80%;\"><\/div>\n","protected":false},"excerpt":{"rendered":"","protected":false},"author":1,"featured_media":0,"parent":2306,"menu_order":3,"comment_status":"open","ping_status":"open","template":"100-width.php","meta":{"footnotes":""},"_links":{"self":[{"href":"https:\/\/www.palmapalace.com\/pt-pt\/wp-json\/wp\/v2\/pages\/2351"}],"collection":[{"href":"https:\/\/www.palmapalace.com\/pt-pt\/wp-json\/wp\/v2\/pages"}],"about":[{"href":"https:\/\/www.palmapalace.com\/pt-pt\/wp-json\/wp\/v2\/types\/page"}],"author":[{"embeddable":true,"href":"https:\/\/www.palmapalace.com\/pt-pt\/wp-json\/wp\/v2\/users\/1"}],"replies":[{"embeddable":true,"href":"https:\/\/www.palmapalace.com\/pt-pt\/wp-json\/wp\/v2\/comments?post=2351"}],"version-history":[{"count":18,"href":"https:\/\/www.palmapalace.com\/pt-pt\/wp-json\/wp\/v2\/pages\/2351\/revisions"}],"predecessor-version":[{"id":3871,"href":"https:\/\/www.palmapalace.com\/pt-pt\/wp-json\/wp\/v2\/pages\/2351\/revisions\/3871"}],"up":[{"embeddable":true,"href":"https:\/\/www.palmapalace.com\/pt-pt\/wp-json\/wp\/v2\/pages\/2306"}],"wp:attachment":[{"href":"https:\/\/www.palmapalace.com\/pt-pt\/wp-json\/wp\/v2\/media?parent=2351"}],"curies":[{"name":"wp","href":"https:\/\/api.w.org\/{rel}","templated":true}]}}