{"id":2557,"date":"2016-05-25T09:28:58","date_gmt":"2016-05-25T09:28:58","guid":{"rendered":"http:\/\/www.palmapalace.com\/pt-pt\/about-us\/"},"modified":"2016-09-20T09:56:47","modified_gmt":"2016-09-20T09:56:47","slug":"sobre-nos","status":"publish","type":"page","link":"https:\/\/www.palmapalace.com\/pt-pt\/sobre-nos\/","title":{"rendered":"Sobre N\u00f3s"},"content":{"rendered":"<div class=\"fusion-fullwidth fullwidth-box fusion-fullwidth-1  fusion-parallax-none nonhundred-percent-fullwidth\" style=\"border-color:#eae9e9;border-bottom-width: 0px;border-top-width: 0px;border-bottom-style: solid;border-top-style: solid;padding-bottom:85px;padding-top:0px;padding-left:0px;padding-right:0px;background-color:rgba(255,255,255,0);\"><style type=\"text\/css\" scoped=\"scoped\">.fusion-fullwidth-1 {\n                            padding-left: 0px !important;\n                            padding-right: 0px !important;\n                        }<\/style><div class=\"fusion-row\"><p>65 Km a Sul de Lisboa, na regi\u00e3o considerada o \u201cdiamante por lapidar\u201d de Portugal, estende-se a nossa grande herdade com florestas e barragens, integrando anteriormente o hist\u00f3rico \u201cCondado de Palma\u201d.<\/p>\n<p>A aldeia de Palma sempre foi o principal centro habitacional e nela, no seculo XII, em cima de duas muralhas com 5 metros de espessura j\u00e1 ent\u00e3o subterradas, foi ao que tudo indica erigida uma capelania da Ordem de Santiago.<\/p>\n<p>Com o correr dos s\u00e9culos essa capelania tornou-se e ainda \u00e9 o centro da casa que veio a ser conhecida como o \u201cO Pal\u00e1cio Velho de Palma\u201d, antiga resid\u00eancia de D. Pedro de Mascarenhas (14??-1555), 1\u00ba Conde de Palma, Vice-Rei da India Portuguesa e protector de Francisco Xavier, eventualmente beatificado, que alegadamente aben\u00e7oou a ainda existente fonte \u00c1rabe de Palma.<\/p>\n<p>A maior parte desta regi\u00e3o, como o Rio Sado e toda a costa de Tr\u00f3ia e Sines, \u00e9 fortemente protegida por Lei mas a sua beleza natural tem gerado alguns empreendimentos topo de gama e luxuosas casas de f\u00e9rias.<\/p>\n<p>Quanto a n\u00f3s, dadas perspectivas n\u00e3o t\u00e3o animadoras para a agricultura, temos vindo a apostar no sector tur\u00edstico desde 1999.<\/p>\n<p>Decidimos associar o conceito de receber h\u00f3spedes nesta extraordin\u00e1ria casa com paredes de 1,20 m de largura que mant\u00eam est\u00e1vel a temperatura no interior durante todo o ano, classificada oficialmente de valor hist\u00f3rico e arquitect\u00f3nico mas tamb\u00e9m com todos os confortos modernos e tradicionais (por ex lareiras em todos os quartos de 70 m2 cada), com a f\u00f3rmula do \u201cturismo-verde\u201d, ou seja, um leque de actividades ao ar-livre e culturais, numa vasta \u00e1rea r\u00fastica.<\/p>\n<p>Como por exemplo:<\/p>\n<table>\n<tbody>\n<tr>\n<td>\n<ul>\n<li>Passeios,<\/li>\n<li>Pesca \u00e0 cana nas nossas barragens,<\/li>\n<li>Observa\u00e7\u00e3o de p\u00e1ssaros em mirantes,<\/li>\n<li>Arqueologia (ru\u00ednas Fen\u00edcias e Romanas),<\/li>\n<\/ul>\n<\/td>\n<td><\/td>\n<\/tr>\n<\/tbody>\n<\/table>\n<p>A nossa herdade e as de familiares \u00e0 volta totalizam cerca de 15.000 hectares, incluindo ou dando acesso a uma grande variedade de paisagens, ru\u00ednas Fen\u00edcias, Romanas e \u00c1rabes, barragens, o rio Sado e a respectiva reserva ecol\u00f3gica, cidades ou vilas hist\u00f3ricas, campos de golfe, programas a cavalo ou de barco e cerca de 70 km da acima referida praia protegida de Tr\u00f3ia a Sines.<\/p>\n<p>Se quiser alugar o Pal\u00e1cio Velho de Palma em exclusividade, servi\u00e7o de limpeza inclu\u00eddo, alojando confortavelmente um m\u00e1ximo de 11 pessoas, estamos dispon\u00edveis para lhe dar as boas vindas por um m\u00ednimo de 3 noites, em 4 grandes suites com camas de casal e sof\u00e1-cama em 3 delas, terra\u00e7o coberto, biblioteca, sala do bilhar, salas de jantar, cozinha, jardins com piscina e estacionamento coberto, sendo o valor de \u20ac 500,00+6%Iva por noite.<\/p>\n<p>Para um contacto ainda mais directo com a Natureza, pescar em bote etc, podemos tamb\u00e9m alugar duas casas no meio da herdade, a\u00a08 km e 11 km do Pal\u00e1cio Velho de Palma, uma com uma linda vista sobre duas das nossas grandes barragens particulares e outra junto ao \u201cMonte da Charneca\u201d, onde centralizamos as nossas opera\u00e7\u00f5es agr\u00edcolas.<\/p>\n<p>Recentemente, dirigimos sobretudo a entidades estrangeiras, de v\u00e1rias formas e pelo Facebook, uma interessante proposta de explora\u00e7\u00e3o agr\u00edcola intensiva (link:<a href=\"https:\/\/www.facebook.com\/pages\/Portugal-CASH-CROP-Proposal\/143232622532250\">AQUI<\/a>) e uma relativa \u00e0 pesca nas nossas barragens (link:\u00a0<a href=\"https:\/\/www.facebook.com\/PortugalBlackbassFishingHaven\">AQUI<\/a>). Pf aceda se tiver interesse.<\/p>\n<p>Visite-nos e descubra mais,<\/p>\n<p>&nbsp;<\/p>\n<p><img loading=\"lazy\" decoding=\"async\" class=\"alignnone size-full wp-image-2441\" src=\"http:\/\/www.palmapalace.com\/wp-content\/uploads\/2016\/05\/assinatura.gif\" alt=\"assinatura\" width=\"61\" height=\"80\" \/><\/p>\n<p>Louren\u00e7o Posser de Andrade<\/p>\n<\/div><\/div><div class=\"fusion-fullwidth fullwidth-box fusion-fullwidth-2  fusion-parallax-none hundred-percent-fullwidth\" style=\"border-color:#eae9e9;border-bottom-width: 0px;border-top-width: 0px;border-bottom-style: solid;border-top-style: solid;padding-bottom:20px;padding-top:20px;padding-left:0px;padding-right:0px;background-color:rgba(255,255,255,0);\"><style type=\"text\/css\" scoped=\"scoped\">.fusion-fullwidth-2, .fusion-fullwidth-2.fusion-section-separator {\n                        padding-left: 0px !important;\n                        padding-right: 0px !important;\n                    }@media only screen and (max-width: 1170px) {}<\/style><div class=\"fusion-row\"><div class=\"wpgmp_map_container\" rel=\"map2\"><div class=\"wpgmp_map\" style=\"width:px; height:400px;\" id=\"map2\" ><\/div><\/div><script>\n  jQuery(document).ready(function($) {\n\n    var map = $(\"#map2\").maps({\"places\":[{\"id\":\"4\",\"title\":\"Pal\\u00e1cio de Palma\",\"address\":\"Pal\\u00e1cio de Palma\",\"content\":\"Pal\\u00e1cio de Palma<br\\\/> <a href=\\\"https:\\\/\\\/www.google.pt\\\/maps\\\/dir\\\/\\\/38.4813302,-8.5975487\\\/@38.4813344,-8.5997374,17z\\\/data=!4m8!1m7!3m6!1s0x0:0x0!2zMzjCsDI4JzUyLjgiTiA4wrAzNSc1MS4yIlc!3b1!8m2!3d38.4813302!4d-8.5975487\\\" target=_blank>Receba Dire\\u00e7\\u00f5es<\\\/a>\",\"location\":{\"icon\":null,\"lat\":\"38.4813302\",\"lng\":\"-8.5975487\",\"city\":\"\",\"state\":\"\",\"country\":\"\",\"redirect_url\":\"marker\",\"redirect_custom_link\":\"\",\"open_new_tab\":\"yes\",\"postal_code\":\"\",\"draggable\":false,\"infowindow_default_open\":\"\",\"animation\":\"BOUNCE\",\"infowindow_disable\":false,\"zoom\":5},\"categories\":[{\"id\":null,\"name\":null,\"type\":\"category\",\"icon\":null}]},{\"id\":\"5\",\"title\":\"Casa da Pesca\",\"address\":\"Pal\\u00e1cio de Palma\",\"content\":\"Casa da Pesca<br\\\/> <a href=\\\"https:\\\/\\\/www.google.pt\\\/maps\\\/dir\\\/\\\/38.519388,-8.555243\\\/@38.5193922,-8.5574317,17z\\\/data=!4m8!1m7!3m6!1s0x0:0x0!2zMzjCsDMxJzA5LjgiTiA4wrAzMycxOC45Ilc!3b1!8m2!3d38.519388!4d-8.555243\\\" target=_blank>Receba Dire\\u00e7\\u00f5es<\\\/a>\",\"location\":{\"icon\":null,\"lat\":\"38.519388\",\"lng\":\"-8.555243\",\"city\":\"\",\"state\":\"\",\"country\":\"\",\"redirect_url\":\"marker\",\"redirect_custom_link\":\"\",\"open_new_tab\":\"yes\",\"postal_code\":\"\",\"draggable\":false,\"infowindow_default_open\":\"\",\"animation\":\"BOUNCE\",\"infowindow_disable\":false,\"zoom\":5},\"categories\":[{\"id\":null,\"name\":null,\"type\":\"category\",\"icon\":null}]},{\"id\":\"6\",\"title\":\"Casa do Monte\",\"address\":\"Pal\\u00e1cio de Palma\",\"content\":\"Casa do Monte<br\\\/> <a href=\\\"https:\\\/\\\/www.google.pt\\\/maps\\\/dir\\\/\\\/38.541398,-8.557116\\\/@38.5414022,-8.5593047,17z\\\/data=!4m8!1m7!3m6!1s0x0:0x0!2zMzjCsDMyJzI5LjAiTiA4wrAzMycyNS42Ilc!3b1!8m2!3d38.541398!4d-8.557116\\\" target=_blank>Receba Dire\\u00e7\\u00f5es<\\\/a>\",\"location\":{\"icon\":null,\"lat\":\"38.541398\",\"lng\":\"-8.557116\",\"city\":\"\",\"state\":\"\",\"country\":\"\",\"redirect_url\":\"marker\",\"redirect_custom_link\":\"\",\"open_new_tab\":\"yes\",\"postal_code\":\"\",\"draggable\":false,\"infowindow_default_open\":\"\",\"animation\":\"BOUNCE\",\"infowindow_disable\":false,\"zoom\":5},\"categories\":[{\"id\":null,\"name\":null,\"type\":\"category\",\"icon\":null}]}],\"map_options\":{\"center_lat\":\"38.519119\",\"center_lng\":\"-8.555543\",\"zoom\":12,\"map_type_id\":\"ROADMAP\",\"draggable\":true,\"scroll_wheel\":\"false\",\"display_45_imagery\":\"\",\"marker_default_icon\":\"\",\"infowindow_setting\":null,\"default_infowindow_open\":false,\"infowindow_open_event\":\"click\",\"pan_control\":true,\"zoom_control\":true,\"map_type_control\":true,\"scale_control\":true,\"street_view_control\":true,\"overview_map_control\":true,\"pan_control_position\":\"TOP_LEFT\",\"zoom_control_position\":\"TOP_LEFT\",\"zoom_control_style\":\"LARGE\",\"map_type_control_position\":\"TOP_RIGHT\",\"map_type_control_style\":\"HORIZONTAL_BAR\",\"street_view_control_position\":\"TOP_LEFT\",\"width\":\"\",\"height\":\"400\"},\"map_property\":{\"map_id\":\"2\"}}).data(\"wpgmp_maps\");\n\n  });\n  <\/script>\n<\/div><\/div>\n","protected":false},"excerpt":{"rendered":"","protected":false},"author":1,"featured_media":0,"parent":0,"menu_order":1,"comment_status":"open","ping_status":"closed","template":"100-width.php","meta":{"footnotes":""},"_links":{"self":[{"href":"https:\/\/www.palmapalace.com\/pt-pt\/wp-json\/wp\/v2\/pages\/2557"}],"collection":[{"href":"https:\/\/www.palmapalace.com\/pt-pt\/wp-json\/wp\/v2\/pages"}],"about":[{"href":"https:\/\/www.palmapalace.com\/pt-pt\/wp-json\/wp\/v2\/types\/page"}],"author":[{"embeddable":true,"href":"https:\/\/www.palmapalace.com\/pt-pt\/wp-json\/wp\/v2\/users\/1"}],"replies":[{"embeddable":true,"href":"https:\/\/www.palmapalace.com\/pt-pt\/wp-json\/wp\/v2\/comments?post=2557"}],"version-history":[{"count":12,"href":"https:\/\/www.palmapalace.com\/pt-pt\/wp-json\/wp\/v2\/pages\/2557\/revisions"}],"predecessor-version":[{"id":3839,"href":"https:\/\/www.palmapalace.com\/pt-pt\/wp-json\/wp\/v2\/pages\/2557\/revisions\/3839"}],"wp:attachment":[{"href":"https:\/\/www.palmapalace.com\/pt-pt\/wp-json\/wp\/v2\/media?parent=2557"}],"curies":[{"name":"wp","href":"https:\/\/api.w.org\/{rel}","templated":true}]}}